{"id":559,"date":"2025-12-05T19:43:43","date_gmt":"2025-12-05T19:43:43","guid":{"rendered":"https:\/\/fakia.es\/?post_type=product&#038;p=559"},"modified":"2026-03-19T08:01:30","modified_gmt":"2026-03-19T08:01:30","slug":"taller-de-grabado-con-linoleo-marzo-2026","status":"publish","type":"product","link":"https:\/\/fakia.es\/ca\/curso\/taller-de-grabado-con-linoleo-marzo-2026\/","title":{"rendered":"TALLER DE GRABADO CON LINOLEO &#8211; MARZO 2026"},"content":{"rendered":"<h2>TALLER DE GRABADO CON LINOLEO<\/h2>\n<p><strong>Data i horari: <\/strong>Viernes 27 de marzo, de 17:00 a 20:00h<\/p>\n<p><strong>Professor: <\/strong>Agust\u00edn Santoyo<\/p>\n<p>Explicaci\u00f3:<\/p>\n<p>Aquesta edici\u00f3 de dissabte del taller de gravat repr\u00e8n el treball amb lin\u00f2leum i monot\u00edpia per a qui vulgui explorar aquestes t\u00e8cniques en horari de mat\u00ed. Comen\u00e7arem amb el linogravat, tallant planxes, entenent el funcionament del positiu i negatiu i realitzant estampacions manuals que aprofitin el contrast i la for\u00e7a del tra\u00e7.<br \/>\nA continuaci\u00f3 treballarem monot\u00edpies a partir de taques, textures i superposicions, utilitzant rodets, papers i plantilles per generar imatges \u00faniques. El taller proposa un equilibri entre la precisi\u00f3 del gravat i la llibertat del gest pict\u00f2ric, oferint una introducci\u00f3 completa i accessible al llenguatge del gravat contemporani.<\/p>","protected":false},"excerpt":{"rendered":"<ul>\n<li><strong>Data i horari: <\/strong>Viernes 27 de marzo, de 17:00 a 20:00h<\/li>\n<li><strong>Professor: <\/strong>Agust\u00edn Santoyo<\/li>\n<\/ul>\n<p>Grabado con lin\u00f3leo para crear estampas \u00fanicas.<\/p>","protected":false},"featured_media":687,"template":"","meta":{"_joinchat":[]},"product_brand":[],"product_cat":[26],"product_tag":[],"giftcard-category":[],"class_list":{"0":"post-559","1":"product","2":"type-product","3":"status-publish","4":"has-post-thumbnail","6":"product_cat-talleres","8":"first","9":"instock","10":"virtual","11":"taxable","12":"purchasable","13":"product-type-simple"},"yoast_head":"<!-- This site is optimized with the Yoast SEO plugin v27.1.1 - https:\/\/yoast.com\/product\/yoast-seo-wordpress\/ -->\n<title>TALLER DE GRABADO CON LINOLEO<\/title>\n<meta name=\"description\" content=\"Crea tus planchas de grabado en linoleo para reproducirlas despu\u00e9s en papel y otros materiales.\" \/>\n<meta name=\"robots\" content=\"index, follow, max-snippet:-1, max-image-preview:large, max-video-preview:-1\" \/>\n<link rel=\"canonical\" href=\"https:\/\/fakia.es\/ca\/curso\/monografico-de-grabado-con-linoleo-y-monotipos-febrero-2026-2\/\" \/>\n<meta property=\"og:locale\" content=\"ca_ES\" \/>\n<meta property=\"og:type\" content=\"article\" \/>\n<meta property=\"og:title\" content=\"TALLER DE GRABADO CON LINOLEO\" \/>\n<meta property=\"og:description\" content=\"Crea tus planchas de grabado en linoleo para reproducirlas despu\u00e9s en papel y otros materiales.\" \/>\n<meta property=\"og:url\" content=\"https:\/\/fakia.es\/ca\/curso\/monografico-de-grabado-con-linoleo-y-monotipos-febrero-2026-2\/\" \/>\n<meta property=\"og:site_name\" content=\"Fakia\" \/>\n<meta property=\"article:modified_time\" content=\"2026-03-19T08:01:30+00:00\" \/>\n<meta property=\"og:image\" content=\"https:\/\/fakia.es\/wp-content\/uploads\/2025\/12\/fakia-grabado-cursos-web-01-1.jpg\" \/>\n\t<meta property=\"og:image:width\" content=\"1062\" \/>\n\t<meta property=\"og:image:height\" content=\"1264\" \/>\n\t<meta property=\"og:image:type\" content=\"image\/jpeg\" \/>\n<script type=\"application\/ld+json\" class=\"yoast-schema-graph\">{\"@context\":\"https:\/\/schema.org\",\"@graph\":[{\"@type\":\"WebPage\",\"@id\":\"https:\/\/fakia.es\/curso\/taller-de-grabado-con-linoleo-marzo-2026\/\",\"url\":\"https:\/\/fakia.es\/curso\/monografico-de-grabado-con-linoleo-y-monotipos-febrero-2026-2\/\",\"name\":\"TALLER DE GRABADO CON LINOLEO\",\"isPartOf\":{\"@id\":\"https:\/\/fakia.es\/#website\"},\"primaryImageOfPage\":{\"@id\":\"https:\/\/fakia.es\/curso\/monografico-de-grabado-con-linoleo-y-monotipos-febrero-2026-2\/#primaryimage\"},\"image\":{\"@id\":\"https:\/\/fakia.es\/curso\/monografico-de-grabado-con-linoleo-y-monotipos-febrero-2026-2\/#primaryimage\"},\"thumbnailUrl\":\"https:\/\/fakia.es\/wp-content\/uploads\/2025\/12\/fakia-grabado-cursos-web-01-1.jpg\",\"datePublished\":\"2025-12-05T19:43:43+00:00\",\"dateModified\":\"2026-03-19T08:01:30+00:00\",\"description\":\"Crea tus planchas de grabado en linoleo para reproducirlas despu\u00e9s en papel y otros materiales.\",\"breadcrumb\":{\"@id\":\"https:\/\/fakia.es\/curso\/monografico-de-grabado-con-linoleo-y-monotipos-febrero-2026-2\/#breadcrumb\"},\"inLanguage\":\"ca\",\"potentialAction\":[{\"@type\":\"ReadAction\",\"target\":[\"https:\/\/fakia.es\/curso\/monografico-de-grabado-con-linoleo-y-monotipos-febrero-2026-2\/\"]}]},{\"@type\":\"ImageObject\",\"inLanguage\":\"ca\",\"@id\":\"https:\/\/fakia.es\/curso\/monografico-de-grabado-con-linoleo-y-monotipos-febrero-2026-2\/#primaryimage\",\"url\":\"https:\/\/fakia.es\/wp-content\/uploads\/2025\/12\/fakia-grabado-cursos-web-01-1.jpg\",\"contentUrl\":\"https:\/\/fakia.es\/wp-content\/uploads\/2025\/12\/fakia-grabado-cursos-web-01-1.jpg\",\"width\":1062,\"height\":1264,\"caption\":\"Screenshot\"},{\"@type\":\"BreadcrumbList\",\"@id\":\"https:\/\/fakia.es\/curso\/monografico-de-grabado-con-linoleo-y-monotipos-febrero-2026-2\/#breadcrumb\",\"itemListElement\":[{\"@type\":\"ListItem\",\"position\":1,\"name\":\"Portada\",\"item\":\"https:\/\/fakia.es\/\"},{\"@type\":\"ListItem\",\"position\":2,\"name\":\"cursos\",\"item\":\"https:\/\/fakia.es\/shop\/\"},{\"@type\":\"ListItem\",\"position\":3,\"name\":\"TALLER DE GRABADO CON LINOLEO &#8211; MARZO 2026\"}]},{\"@type\":\"WebSite\",\"@id\":\"https:\/\/fakia.es\/#website\",\"url\":\"https:\/\/fakia.es\/\",\"name\":\"FAKIA\",\"description\":\"Escuela de arte en Barcelona, talleres, cursos y monogr\u00e1ficos de artes pl\u00e1sticas.\",\"publisher\":{\"@id\":\"https:\/\/fakia.es\/#organization\"},\"alternateName\":\"FAKIA ART\",\"potentialAction\":[{\"@type\":\"SearchAction\",\"target\":{\"@type\":\"EntryPoint\",\"urlTemplate\":\"https:\/\/fakia.es\/?s={search_term_string}\"},\"query-input\":{\"@type\":\"PropertyValueSpecification\",\"valueRequired\":true,\"valueName\":\"search_term_string\"}}],\"inLanguage\":\"ca\"},{\"@type\":\"Organization\",\"@id\":\"https:\/\/fakia.es\/#organization\",\"name\":\"FAKIA\",\"alternateName\":\"Possible Films S.L.\",\"url\":\"https:\/\/fakia.es\/\",\"logo\":{\"@type\":\"ImageObject\",\"inLanguage\":\"ca\",\"@id\":\"https:\/\/fakia.es\/#\/schema\/logo\/image\/\",\"url\":\"https:\/\/fakia.es\/wp-content\/uploads\/2025\/11\/Logo-Fakia.png\",\"contentUrl\":\"https:\/\/fakia.es\/wp-content\/uploads\/2025\/11\/Logo-Fakia.png\",\"width\":800,\"height\":600,\"caption\":\"FAKIA\"},\"image\":{\"@id\":\"https:\/\/fakia.es\/#\/schema\/logo\/image\/\"}}]}<\/script>\n<!-- \/ Yoast SEO plugin. -->","yoast_head_json":{"title":"TALLER DE GRABADO CON LINOLEO","description":"Crea tus planchas de grabado en linoleo para reproducirlas despu\u00e9s en papel y otros materiales.","robots":{"index":"index","follow":"follow","max-snippet":"max-snippet:-1","max-image-preview":"max-image-preview:large","max-video-preview":"max-video-preview:-1"},"canonical":"https:\/\/fakia.es\/ca\/curso\/monografico-de-grabado-con-linoleo-y-monotipos-febrero-2026-2\/","og_locale":"ca_ES","og_type":"article","og_title":"TALLER DE GRABADO CON LINOLEO","og_description":"Crea tus planchas de grabado en linoleo para reproducirlas despu\u00e9s en papel y otros materiales.","og_url":"https:\/\/fakia.es\/ca\/curso\/monografico-de-grabado-con-linoleo-y-monotipos-febrero-2026-2\/","og_site_name":"Fakia","article_modified_time":"2026-03-19T08:01:30+00:00","og_image":[{"width":1062,"height":1264,"url":"https:\/\/fakia.es\/wp-content\/uploads\/2025\/12\/fakia-grabado-cursos-web-01-1.jpg","type":"image\/jpeg"}],"schema":{"@context":"https:\/\/schema.org","@graph":[{"@type":"WebPage","@id":"https:\/\/fakia.es\/curso\/taller-de-grabado-con-linoleo-marzo-2026\/","url":"https:\/\/fakia.es\/curso\/monografico-de-grabado-con-linoleo-y-monotipos-febrero-2026-2\/","name":"TALLER DE GRABADO CON LINOLEO","isPartOf":{"@id":"https:\/\/fakia.es\/#website"},"primaryImageOfPage":{"@id":"https:\/\/fakia.es\/curso\/monografico-de-grabado-con-linoleo-y-monotipos-febrero-2026-2\/#primaryimage"},"image":{"@id":"https:\/\/fakia.es\/curso\/monografico-de-grabado-con-linoleo-y-monotipos-febrero-2026-2\/#primaryimage"},"thumbnailUrl":"https:\/\/fakia.es\/wp-content\/uploads\/2025\/12\/fakia-grabado-cursos-web-01-1.jpg","datePublished":"2025-12-05T19:43:43+00:00","dateModified":"2026-03-19T08:01:30+00:00","description":"Crea tus planchas de grabado en linoleo para reproducirlas despu\u00e9s en papel y otros materiales.","breadcrumb":{"@id":"https:\/\/fakia.es\/curso\/monografico-de-grabado-con-linoleo-y-monotipos-febrero-2026-2\/#breadcrumb"},"inLanguage":"ca","potentialAction":[{"@type":"ReadAction","target":["https:\/\/fakia.es\/curso\/monografico-de-grabado-con-linoleo-y-monotipos-febrero-2026-2\/"]}]},{"@type":"ImageObject","inLanguage":"ca","@id":"https:\/\/fakia.es\/curso\/monografico-de-grabado-con-linoleo-y-monotipos-febrero-2026-2\/#primaryimage","url":"https:\/\/fakia.es\/wp-content\/uploads\/2025\/12\/fakia-grabado-cursos-web-01-1.jpg","contentUrl":"https:\/\/fakia.es\/wp-content\/uploads\/2025\/12\/fakia-grabado-cursos-web-01-1.jpg","width":1062,"height":1264,"caption":"Screenshot"},{"@type":"BreadcrumbList","@id":"https:\/\/fakia.es\/curso\/monografico-de-grabado-con-linoleo-y-monotipos-febrero-2026-2\/#breadcrumb","itemListElement":[{"@type":"ListItem","position":1,"name":"Portada","item":"https:\/\/fakia.es\/"},{"@type":"ListItem","position":2,"name":"cursos","item":"https:\/\/fakia.es\/shop\/"},{"@type":"ListItem","position":3,"name":"TALLER DE GRABADO CON LINOLEO &#8211; MARZO 2026"}]},{"@type":"WebSite","@id":"https:\/\/fakia.es\/#website","url":"https:\/\/fakia.es\/","name":"FAKIA","description":"Escuela de arte en Barcelona, talleres, cursos y monogr\u00e1ficos de artes pl\u00e1sticas.","publisher":{"@id":"https:\/\/fakia.es\/#organization"},"alternateName":"FAKIA ART","potentialAction":[{"@type":"SearchAction","target":{"@type":"EntryPoint","urlTemplate":"https:\/\/fakia.es\/?s={search_term_string}"},"query-input":{"@type":"PropertyValueSpecification","valueRequired":true,"valueName":"search_term_string"}}],"inLanguage":"ca"},{"@type":"Organization","@id":"https:\/\/fakia.es\/#organization","name":"FAKIA","alternateName":"Possible Films S.L.","url":"https:\/\/fakia.es\/","logo":{"@type":"ImageObject","inLanguage":"ca","@id":"https:\/\/fakia.es\/#\/schema\/logo\/image\/","url":"https:\/\/fakia.es\/wp-content\/uploads\/2025\/11\/Logo-Fakia.png","contentUrl":"https:\/\/fakia.es\/wp-content\/uploads\/2025\/11\/Logo-Fakia.png","width":800,"height":600,"caption":"FAKIA"},"image":{"@id":"https:\/\/fakia.es\/#\/schema\/logo\/image\/"}}]}},"_links":{"self":[{"href":"https:\/\/fakia.es\/ca\/wp-json\/wp\/v2\/product\/559","targetHints":{"allow":["GET"]}}],"collection":[{"href":"https:\/\/fakia.es\/ca\/wp-json\/wp\/v2\/product"}],"about":[{"href":"https:\/\/fakia.es\/ca\/wp-json\/wp\/v2\/types\/product"}],"wp:featuredmedia":[{"embeddable":true,"href":"https:\/\/fakia.es\/ca\/wp-json\/wp\/v2\/media\/687"}],"wp:attachment":[{"href":"https:\/\/fakia.es\/ca\/wp-json\/wp\/v2\/media?parent=559"}],"wp:term":[{"taxonomy":"product_brand","embeddable":true,"href":"https:\/\/fakia.es\/ca\/wp-json\/wp\/v2\/product_brand?post=559"},{"taxonomy":"product_cat","embeddable":true,"href":"https:\/\/fakia.es\/ca\/wp-json\/wp\/v2\/product_cat?post=559"},{"taxonomy":"product_tag","embeddable":true,"href":"https:\/\/fakia.es\/ca\/wp-json\/wp\/v2\/product_tag?post=559"},{"taxonomy":"giftcard-category","embeddable":true,"href":"https:\/\/fakia.es\/ca\/wp-json\/wp\/v2\/giftcard-category?post=559"}],"curies":[{"name":"wp","href":"https:\/\/api.w.org\/{rel}","templated":true}]}}