{"id":557,"date":"2025-12-05T19:40:31","date_gmt":"2025-12-05T19:40:31","guid":{"rendered":"https:\/\/fakia.es\/?post_type=product&#038;p=557"},"modified":"2026-03-22T11:00:25","modified_gmt":"2026-03-22T11:00:25","slug":"taller-de-collage-con-tecnicas-mixtas-abril-2026","status":"publish","type":"product","link":"https:\/\/fakia.es\/ca\/curso\/taller-de-collage-con-tecnicas-mixtas-abril-2026\/","title":{"rendered":"TALLER DE COLLAGE CON T\u00c9CNICAS MIXTAS &#8211; ABRIL 2026"},"content":{"rendered":"<h2>TALLER DE COLLAGE CON T\u00c9CNICAS MIXTAS<\/h2>\n<p><strong>Data i horari: <\/strong>Viernes 10 de abril, de 17:00 a 20:00<\/p>\n<p><strong>Professor: <\/strong>Agust\u00edn Santoyo<\/p>\n<p>Explicaci\u00f3:<\/p>\n<p>En aquesta segona edici\u00f3 del taller de collage amb t\u00e8cniques mixtes ens recollir\u00e0 el treball amb els papers, la textura, acr\u00edlic, tinta i elements gr\u00e0fics per crear composicions visualment potent. Proposar exercicis que ajuden a descobrir diferents maneres d'organitzar l'espai i descobrir com el color, forma i textura es pot combinar d'una manera molt personal.<\/p>\n<p>El taller segueix un enfocament pr\u00e0ctic i experimental, dissenyat per a aquells que vulgueu repetir l'experi\u00e8ncia o es van quedar sense pla\u00e7a en primera convocat\u00f2ria. No es requereixen coneixements previs: nom\u00e9s voler tallar i enganxar, la superposici\u00f3 de capes, i gaudir del proc\u00e9s de manual de creaci\u00f3.<\/p>","protected":false},"excerpt":{"rendered":"<ul>\n<li><strong>Data i horari: <\/strong>Viernes 10 de abril, de 17:00 a 20:00<\/li>\n<li><strong>Professor: <\/strong>Agust\u00edn Santoyo<\/li>\n<\/ul>\n<p>Composicions amb els papers, les textures i els pigments. Tallar, enganxar, i explorar.<\/p>","protected":false},"featured_media":682,"template":"","meta":{"_joinchat":[]},"product_brand":[],"product_cat":[26],"product_tag":[],"giftcard-category":[],"class_list":{"0":"post-557","1":"product","2":"type-product","3":"status-publish","4":"has-post-thumbnail","6":"product_cat-talleres","8":"first","9":"instock","10":"virtual","11":"taxable","12":"purchasable","13":"product-type-simple"},"yoast_head":"<!-- This site is optimized with the Yoast SEO plugin v27.1.1 - https:\/\/yoast.com\/product\/yoast-seo-wordpress\/ -->\n<title>TALLER DE COLLAGE CON T\u00c9CNICAS MIXTAS<\/title>\n<meta name=\"description\" content=\": Taller de collage con t\u00e9cnicas mixtas para explorar composici\u00f3n, color y superposici\u00f3n. Creatividad sin l\u00edmites.\" \/>\n<meta name=\"robots\" content=\"index, follow, max-snippet:-1, max-image-preview:large, max-video-preview:-1\" \/>\n<link rel=\"canonical\" href=\"https:\/\/fakia.es\/ca\/curso\/monografico-de-collage-con-tecnicas-mixtas-febrero-2026\/\" \/>\n<meta property=\"og:locale\" content=\"ca_ES\" \/>\n<meta property=\"og:type\" content=\"article\" \/>\n<meta property=\"og:title\" content=\"TALLER DE COLLAGE CON T\u00c9CNICAS MIXTAS\" \/>\n<meta property=\"og:description\" content=\": Taller de collage con t\u00e9cnicas mixtas para explorar composici\u00f3n, color y superposici\u00f3n. Creatividad sin l\u00edmites.\" \/>\n<meta property=\"og:url\" content=\"https:\/\/fakia.es\/ca\/curso\/monografico-de-collage-con-tecnicas-mixtas-febrero-2026\/\" \/>\n<meta property=\"og:site_name\" content=\"Fakia\" \/>\n<meta property=\"article:modified_time\" content=\"2026-03-22T11:00:25+00:00\" \/>\n<meta property=\"og:image\" content=\"https:\/\/fakia.es\/wp-content\/uploads\/2025\/12\/fakia-collage-cursos-web-02-scaled.jpg\" \/>\n\t<meta property=\"og:image:width\" content=\"2560\" \/>\n\t<meta property=\"og:image:height\" content=\"1710\" \/>\n\t<meta property=\"og:image:type\" content=\"image\/jpeg\" \/>\n<script type=\"application\/ld+json\" class=\"yoast-schema-graph\">{\"@context\":\"https:\/\/schema.org\",\"@graph\":[{\"@type\":\"WebPage\",\"@id\":\"https:\/\/fakia.es\/curso\/taller-de-collage-con-tecnicas-mixtas-abril-2026\/\",\"url\":\"https:\/\/fakia.es\/curso\/monografico-de-collage-con-tecnicas-mixtas-febrero-2026\/\",\"name\":\"TALLER DE COLLAGE CON T\u00c9CNICAS MIXTAS\",\"isPartOf\":{\"@id\":\"https:\/\/fakia.es\/#website\"},\"primaryImageOfPage\":{\"@id\":\"https:\/\/fakia.es\/curso\/monografico-de-collage-con-tecnicas-mixtas-febrero-2026\/#primaryimage\"},\"image\":{\"@id\":\"https:\/\/fakia.es\/curso\/monografico-de-collage-con-tecnicas-mixtas-febrero-2026\/#primaryimage\"},\"thumbnailUrl\":\"https:\/\/fakia.es\/wp-content\/uploads\/2025\/12\/fakia-collage-cursos-web-02-scaled.jpg\",\"datePublished\":\"2025-12-05T19:40:31+00:00\",\"dateModified\":\"2026-03-22T11:00:25+00:00\",\"description\":\": Taller de collage con t\u00e9cnicas mixtas para explorar composici\u00f3n, color y superposici\u00f3n. Creatividad sin l\u00edmites.\",\"breadcrumb\":{\"@id\":\"https:\/\/fakia.es\/curso\/monografico-de-collage-con-tecnicas-mixtas-febrero-2026\/#breadcrumb\"},\"inLanguage\":\"ca\",\"potentialAction\":[{\"@type\":\"ReadAction\",\"target\":[\"https:\/\/fakia.es\/curso\/monografico-de-collage-con-tecnicas-mixtas-febrero-2026\/\"]}]},{\"@type\":\"ImageObject\",\"inLanguage\":\"ca\",\"@id\":\"https:\/\/fakia.es\/curso\/monografico-de-collage-con-tecnicas-mixtas-febrero-2026\/#primaryimage\",\"url\":\"https:\/\/fakia.es\/wp-content\/uploads\/2025\/12\/fakia-collage-cursos-web-02-scaled.jpg\",\"contentUrl\":\"https:\/\/fakia.es\/wp-content\/uploads\/2025\/12\/fakia-collage-cursos-web-02-scaled.jpg\",\"width\":2560,\"height\":1710},{\"@type\":\"BreadcrumbList\",\"@id\":\"https:\/\/fakia.es\/curso\/monografico-de-collage-con-tecnicas-mixtas-febrero-2026\/#breadcrumb\",\"itemListElement\":[{\"@type\":\"ListItem\",\"position\":1,\"name\":\"Portada\",\"item\":\"https:\/\/fakia.es\/\"},{\"@type\":\"ListItem\",\"position\":2,\"name\":\"cursos\",\"item\":\"https:\/\/fakia.es\/shop\/\"},{\"@type\":\"ListItem\",\"position\":3,\"name\":\"TALLER DE COLLAGE CON T\u00c9CNICAS MIXTAS &#8211; ABRIL 2026\"}]},{\"@type\":\"WebSite\",\"@id\":\"https:\/\/fakia.es\/#website\",\"url\":\"https:\/\/fakia.es\/\",\"name\":\"FAKIA\",\"description\":\"Escuela de arte en Barcelona, talleres, cursos y monogr\u00e1ficos de artes pl\u00e1sticas.\",\"publisher\":{\"@id\":\"https:\/\/fakia.es\/#organization\"},\"alternateName\":\"FAKIA ART\",\"potentialAction\":[{\"@type\":\"SearchAction\",\"target\":{\"@type\":\"EntryPoint\",\"urlTemplate\":\"https:\/\/fakia.es\/?s={search_term_string}\"},\"query-input\":{\"@type\":\"PropertyValueSpecification\",\"valueRequired\":true,\"valueName\":\"search_term_string\"}}],\"inLanguage\":\"ca\"},{\"@type\":\"Organization\",\"@id\":\"https:\/\/fakia.es\/#organization\",\"name\":\"FAKIA\",\"alternateName\":\"Possible Films S.L.\",\"url\":\"https:\/\/fakia.es\/\",\"logo\":{\"@type\":\"ImageObject\",\"inLanguage\":\"ca\",\"@id\":\"https:\/\/fakia.es\/#\/schema\/logo\/image\/\",\"url\":\"https:\/\/fakia.es\/wp-content\/uploads\/2025\/11\/Logo-Fakia.png\",\"contentUrl\":\"https:\/\/fakia.es\/wp-content\/uploads\/2025\/11\/Logo-Fakia.png\",\"width\":800,\"height\":600,\"caption\":\"FAKIA\"},\"image\":{\"@id\":\"https:\/\/fakia.es\/#\/schema\/logo\/image\/\"}}]}<\/script>\n<!-- \/ Yoast SEO plugin. -->","yoast_head_json":{"title":"TALLER DE COLLAGE CON T\u00c9CNICAS MIXTAS","description":": Taller de collage con t\u00e9cnicas mixtas para explorar composici\u00f3n, color y superposici\u00f3n. Creatividad sin l\u00edmites.","robots":{"index":"index","follow":"follow","max-snippet":"max-snippet:-1","max-image-preview":"max-image-preview:large","max-video-preview":"max-video-preview:-1"},"canonical":"https:\/\/fakia.es\/ca\/curso\/monografico-de-collage-con-tecnicas-mixtas-febrero-2026\/","og_locale":"ca_ES","og_type":"article","og_title":"TALLER DE COLLAGE CON T\u00c9CNICAS MIXTAS","og_description":": Taller de collage con t\u00e9cnicas mixtas para explorar composici\u00f3n, color y superposici\u00f3n. Creatividad sin l\u00edmites.","og_url":"https:\/\/fakia.es\/ca\/curso\/monografico-de-collage-con-tecnicas-mixtas-febrero-2026\/","og_site_name":"Fakia","article_modified_time":"2026-03-22T11:00:25+00:00","og_image":[{"width":2560,"height":1710,"url":"https:\/\/fakia.es\/wp-content\/uploads\/2025\/12\/fakia-collage-cursos-web-02-scaled.jpg","type":"image\/jpeg"}],"schema":{"@context":"https:\/\/schema.org","@graph":[{"@type":"WebPage","@id":"https:\/\/fakia.es\/curso\/taller-de-collage-con-tecnicas-mixtas-abril-2026\/","url":"https:\/\/fakia.es\/curso\/monografico-de-collage-con-tecnicas-mixtas-febrero-2026\/","name":"TALLER DE COLLAGE CON T\u00c9CNICAS MIXTAS","isPartOf":{"@id":"https:\/\/fakia.es\/#website"},"primaryImageOfPage":{"@id":"https:\/\/fakia.es\/curso\/monografico-de-collage-con-tecnicas-mixtas-febrero-2026\/#primaryimage"},"image":{"@id":"https:\/\/fakia.es\/curso\/monografico-de-collage-con-tecnicas-mixtas-febrero-2026\/#primaryimage"},"thumbnailUrl":"https:\/\/fakia.es\/wp-content\/uploads\/2025\/12\/fakia-collage-cursos-web-02-scaled.jpg","datePublished":"2025-12-05T19:40:31+00:00","dateModified":"2026-03-22T11:00:25+00:00","description":": Taller de collage con t\u00e9cnicas mixtas para explorar composici\u00f3n, color y superposici\u00f3n. Creatividad sin l\u00edmites.","breadcrumb":{"@id":"https:\/\/fakia.es\/curso\/monografico-de-collage-con-tecnicas-mixtas-febrero-2026\/#breadcrumb"},"inLanguage":"ca","potentialAction":[{"@type":"ReadAction","target":["https:\/\/fakia.es\/curso\/monografico-de-collage-con-tecnicas-mixtas-febrero-2026\/"]}]},{"@type":"ImageObject","inLanguage":"ca","@id":"https:\/\/fakia.es\/curso\/monografico-de-collage-con-tecnicas-mixtas-febrero-2026\/#primaryimage","url":"https:\/\/fakia.es\/wp-content\/uploads\/2025\/12\/fakia-collage-cursos-web-02-scaled.jpg","contentUrl":"https:\/\/fakia.es\/wp-content\/uploads\/2025\/12\/fakia-collage-cursos-web-02-scaled.jpg","width":2560,"height":1710},{"@type":"BreadcrumbList","@id":"https:\/\/fakia.es\/curso\/monografico-de-collage-con-tecnicas-mixtas-febrero-2026\/#breadcrumb","itemListElement":[{"@type":"ListItem","position":1,"name":"Portada","item":"https:\/\/fakia.es\/"},{"@type":"ListItem","position":2,"name":"cursos","item":"https:\/\/fakia.es\/shop\/"},{"@type":"ListItem","position":3,"name":"TALLER DE COLLAGE CON T\u00c9CNICAS MIXTAS &#8211; ABRIL 2026"}]},{"@type":"WebSite","@id":"https:\/\/fakia.es\/#website","url":"https:\/\/fakia.es\/","name":"FAKIA","description":"Escuela de arte en Barcelona, talleres, cursos y monogr\u00e1ficos de artes pl\u00e1sticas.","publisher":{"@id":"https:\/\/fakia.es\/#organization"},"alternateName":"FAKIA ART","potentialAction":[{"@type":"SearchAction","target":{"@type":"EntryPoint","urlTemplate":"https:\/\/fakia.es\/?s={search_term_string}"},"query-input":{"@type":"PropertyValueSpecification","valueRequired":true,"valueName":"search_term_string"}}],"inLanguage":"ca"},{"@type":"Organization","@id":"https:\/\/fakia.es\/#organization","name":"FAKIA","alternateName":"Possible Films S.L.","url":"https:\/\/fakia.es\/","logo":{"@type":"ImageObject","inLanguage":"ca","@id":"https:\/\/fakia.es\/#\/schema\/logo\/image\/","url":"https:\/\/fakia.es\/wp-content\/uploads\/2025\/11\/Logo-Fakia.png","contentUrl":"https:\/\/fakia.es\/wp-content\/uploads\/2025\/11\/Logo-Fakia.png","width":800,"height":600,"caption":"FAKIA"},"image":{"@id":"https:\/\/fakia.es\/#\/schema\/logo\/image\/"}}]}},"_links":{"self":[{"href":"https:\/\/fakia.es\/ca\/wp-json\/wp\/v2\/product\/557","targetHints":{"allow":["GET"]}}],"collection":[{"href":"https:\/\/fakia.es\/ca\/wp-json\/wp\/v2\/product"}],"about":[{"href":"https:\/\/fakia.es\/ca\/wp-json\/wp\/v2\/types\/product"}],"wp:featuredmedia":[{"embeddable":true,"href":"https:\/\/fakia.es\/ca\/wp-json\/wp\/v2\/media\/682"}],"wp:attachment":[{"href":"https:\/\/fakia.es\/ca\/wp-json\/wp\/v2\/media?parent=557"}],"wp:term":[{"taxonomy":"product_brand","embeddable":true,"href":"https:\/\/fakia.es\/ca\/wp-json\/wp\/v2\/product_brand?post=557"},{"taxonomy":"product_cat","embeddable":true,"href":"https:\/\/fakia.es\/ca\/wp-json\/wp\/v2\/product_cat?post=557"},{"taxonomy":"product_tag","embeddable":true,"href":"https:\/\/fakia.es\/ca\/wp-json\/wp\/v2\/product_tag?post=557"},{"taxonomy":"giftcard-category","embeddable":true,"href":"https:\/\/fakia.es\/ca\/wp-json\/wp\/v2\/giftcard-category?post=557"}],"curies":[{"name":"wp","href":"https:\/\/api.w.org\/{rel}","templated":true}]}}