{"id":556,"date":"2025-12-05T19:39:01","date_gmt":"2025-12-05T19:39:01","guid":{"rendered":"https:\/\/fakia.es\/?post_type=product&#038;p=556"},"modified":"2026-01-06T08:54:42","modified_gmt":"2026-01-06T08:54:42","slug":"monografico-de-dibujo-con-modelo-al-natural-febrero-2026","status":"publish","type":"product","link":"https:\/\/fakia.es\/ca\/curso\/monografico-de-dibujo-con-modelo-al-natural-febrero-2026\/","title":{"rendered":"MONOGR\u00c0FIC DE DIBUIX AMB UN MODEL NATURAL DE FEBRER DE L'ANY 2026"},"content":{"rendered":"<h2>MONOGR\u00c0FIC DE DIBUIX AMB MODEL AL NATURAL<\/h2>\n<p><strong>Data i horari: <\/strong>Divendres 20 de febrer, de 17:30 a 20:00<\/p>\n<p><strong>Professora: <\/strong>\u00darsula Uriach<\/p>\n<p>Explicaci\u00f3:<\/p>\n<p>Aquest taller de dibuix amb model al natural est\u00e0 pensat per millorar l\u2019observaci\u00f3 i comprendre l\u2019anatomia des de la pr\u00e0ctica directa. Treballarem amb posicions curtes per guanyar rapidesa, flu\u00efdesa i capacitat de s\u00edntesi, i amb posicions m\u00e9s llargues per aprofundir en el volum, la llum i els matisos del cos.<\/p>\n<p>Combinarem exercicis d\u2019encaix, l\u00ednies d\u2019acci\u00f3, contorn i construcci\u00f3 mitjan\u00e7ant ombres, utilitzant eines com llapis, carb\u00f3 i pastel sec. L\u2019enfocament \u00e9s respectu\u00f3s i proper, creant un entorn c\u00f2mode tant per al model com per al grup. \u00c9s una bona porta d\u2019entrada per a qui no ha dibuixat mai el nu i una pr\u00e0ctica s\u00f2lida per a qui vol continuar entrenant.<\/p>","protected":false},"excerpt":{"rendered":"<ul>\n<li><strong>Data i horari: <\/strong>Divendres 20 de febrer, de 17:30 a 20:00<\/li>\n<li><strong>Professora: <\/strong>\u00darsula Uriach<\/li>\n<\/ul>\n<p>Sessi\u00f3 de dibuix amb model per entrenar tra\u00e7, gest i anatomia.<\/p>","protected":false},"featured_media":1498,"template":"","meta":{"_joinchat":[]},"product_brand":[],"product_cat":[26],"product_tag":[],"giftcard-category":[],"class_list":{"0":"post-556","1":"product","2":"type-product","3":"status-publish","4":"has-post-thumbnail","6":"product_cat-talleres","8":"first","9":"instock","10":"virtual","11":"taxable","12":"purchasable","13":"product-type-simple"},"yoast_head":"<!-- This site is optimized with the Yoast SEO plugin v27.1.1 - https:\/\/yoast.com\/product\/yoast-seo-wordpress\/ -->\n<title>MONOGR\u00c1FICO DE DIBUJO CON MODELO AL NATURAL<\/title>\n<meta name=\"description\" content=\"Sesi\u00f3n de dibujo al natural para practicar encaje, luz y volumen con modelo. Ideal para todos los niveles.\" \/>\n<meta name=\"robots\" content=\"index, follow, max-snippet:-1, max-image-preview:large, max-video-preview:-1\" \/>\n<link rel=\"canonical\" href=\"https:\/\/fakia.es\/ca\/curso\/monografico-de-dibujo-con-modelo-al-natural-febrero-2026\/\" \/>\n<meta property=\"og:locale\" content=\"ca_ES\" \/>\n<meta property=\"og:type\" content=\"article\" \/>\n<meta property=\"og:title\" content=\"MONOGR\u00c1FICO DE DIBUJO CON MODELO AL NATURAL\" \/>\n<meta property=\"og:description\" content=\"Sesi\u00f3n de dibujo al natural para practicar encaje, luz y volumen con modelo. Ideal para todos los niveles.\" \/>\n<meta property=\"og:url\" content=\"https:\/\/fakia.es\/ca\/curso\/monografico-de-dibujo-con-modelo-al-natural-febrero-2026\/\" \/>\n<meta property=\"og:site_name\" content=\"Fakia\" \/>\n<meta property=\"article:modified_time\" content=\"2026-01-06T08:54:42+00:00\" \/>\n<meta property=\"og:image\" content=\"https:\/\/fakia.es\/wp-content\/uploads\/2025\/12\/fakia-dibujo-modelo-cursos-web-01.jpg\" \/>\n\t<meta property=\"og:image:width\" content=\"800\" \/>\n\t<meta property=\"og:image:height\" content=\"1036\" \/>\n\t<meta property=\"og:image:type\" content=\"image\/jpeg\" \/>\n<script type=\"application\/ld+json\" class=\"yoast-schema-graph\">{\"@context\":\"https:\/\/schema.org\",\"@graph\":[{\"@type\":\"WebPage\",\"@id\":\"https:\/\/fakia.es\/curso\/monografico-de-dibujo-con-modelo-al-natural-febrero-2026\/\",\"url\":\"https:\/\/fakia.es\/curso\/monografico-de-dibujo-con-modelo-al-natural-febrero-2026\/\",\"name\":\"MONOGR\u00c1FICO DE DIBUJO CON MODELO AL NATURAL\",\"isPartOf\":{\"@id\":\"https:\/\/fakia.es\/#website\"},\"primaryImageOfPage\":{\"@id\":\"https:\/\/fakia.es\/curso\/monografico-de-dibujo-con-modelo-al-natural-febrero-2026\/#primaryimage\"},\"image\":{\"@id\":\"https:\/\/fakia.es\/curso\/monografico-de-dibujo-con-modelo-al-natural-febrero-2026\/#primaryimage\"},\"thumbnailUrl\":\"https:\/\/fakia.es\/wp-content\/uploads\/2025\/12\/fakia-dibujo-modelo-cursos-web-01.jpg\",\"datePublished\":\"2025-12-05T19:39:01+00:00\",\"dateModified\":\"2026-01-06T08:54:42+00:00\",\"description\":\"Sesi\u00f3n de dibujo al natural para practicar encaje, luz y volumen con modelo. Ideal para todos los niveles.\",\"breadcrumb\":{\"@id\":\"https:\/\/fakia.es\/curso\/monografico-de-dibujo-con-modelo-al-natural-febrero-2026\/#breadcrumb\"},\"inLanguage\":\"ca\",\"potentialAction\":[{\"@type\":\"ReadAction\",\"target\":[\"https:\/\/fakia.es\/curso\/monografico-de-dibujo-con-modelo-al-natural-febrero-2026\/\"]}]},{\"@type\":\"ImageObject\",\"inLanguage\":\"ca\",\"@id\":\"https:\/\/fakia.es\/curso\/monografico-de-dibujo-con-modelo-al-natural-febrero-2026\/#primaryimage\",\"url\":\"https:\/\/fakia.es\/wp-content\/uploads\/2025\/12\/fakia-dibujo-modelo-cursos-web-01.jpg\",\"contentUrl\":\"https:\/\/fakia.es\/wp-content\/uploads\/2025\/12\/fakia-dibujo-modelo-cursos-web-01.jpg\",\"width\":800,\"height\":1036},{\"@type\":\"BreadcrumbList\",\"@id\":\"https:\/\/fakia.es\/curso\/monografico-de-dibujo-con-modelo-al-natural-febrero-2026\/#breadcrumb\",\"itemListElement\":[{\"@type\":\"ListItem\",\"position\":1,\"name\":\"Portada\",\"item\":\"https:\/\/fakia.es\/\"},{\"@type\":\"ListItem\",\"position\":2,\"name\":\"cursos\",\"item\":\"https:\/\/fakia.es\/shop\/\"},{\"@type\":\"ListItem\",\"position\":3,\"name\":\"MONOGR\u00c1FICO DE DIBUJO CON MODELO AL NATURAL &#8211; FEBRERO 2026\"}]},{\"@type\":\"WebSite\",\"@id\":\"https:\/\/fakia.es\/#website\",\"url\":\"https:\/\/fakia.es\/\",\"name\":\"FAKIA\",\"description\":\"Escuela de arte en Barcelona, talleres, cursos y monogr\u00e1ficos de artes pl\u00e1sticas.\",\"publisher\":{\"@id\":\"https:\/\/fakia.es\/#organization\"},\"alternateName\":\"FAKIA ART\",\"potentialAction\":[{\"@type\":\"SearchAction\",\"target\":{\"@type\":\"EntryPoint\",\"urlTemplate\":\"https:\/\/fakia.es\/?s={search_term_string}\"},\"query-input\":{\"@type\":\"PropertyValueSpecification\",\"valueRequired\":true,\"valueName\":\"search_term_string\"}}],\"inLanguage\":\"ca\"},{\"@type\":\"Organization\",\"@id\":\"https:\/\/fakia.es\/#organization\",\"name\":\"FAKIA\",\"alternateName\":\"Possible Films S.L.\",\"url\":\"https:\/\/fakia.es\/\",\"logo\":{\"@type\":\"ImageObject\",\"inLanguage\":\"ca\",\"@id\":\"https:\/\/fakia.es\/#\/schema\/logo\/image\/\",\"url\":\"https:\/\/fakia.es\/wp-content\/uploads\/2025\/11\/Logo-Fakia.png\",\"contentUrl\":\"https:\/\/fakia.es\/wp-content\/uploads\/2025\/11\/Logo-Fakia.png\",\"width\":800,\"height\":600,\"caption\":\"FAKIA\"},\"image\":{\"@id\":\"https:\/\/fakia.es\/#\/schema\/logo\/image\/\"}}]}<\/script>\n<!-- \/ Yoast SEO plugin. -->","yoast_head_json":{"title":"MONOGR\u00c0FIC DE DIBUIX AMB MODEL AL NATURAL","description":"Sesi\u00f3n de dibujo al natural para practicar encaje, luz y volumen con modelo. Ideal para todos los niveles.","robots":{"index":"index","follow":"follow","max-snippet":"max-snippet:-1","max-image-preview":"max-image-preview:large","max-video-preview":"max-video-preview:-1"},"canonical":"https:\/\/fakia.es\/ca\/curso\/monografico-de-dibujo-con-modelo-al-natural-febrero-2026\/","og_locale":"ca_ES","og_type":"article","og_title":"MONOGR\u00c1FICO DE DIBUJO CON MODELO AL NATURAL","og_description":"Sesi\u00f3n de dibujo al natural para practicar encaje, luz y volumen con modelo. Ideal para todos los niveles.","og_url":"https:\/\/fakia.es\/ca\/curso\/monografico-de-dibujo-con-modelo-al-natural-febrero-2026\/","og_site_name":"Fakia","article_modified_time":"2026-01-06T08:54:42+00:00","og_image":[{"width":800,"height":1036,"url":"https:\/\/fakia.es\/wp-content\/uploads\/2025\/12\/fakia-dibujo-modelo-cursos-web-01.jpg","type":"image\/jpeg"}],"schema":{"@context":"https:\/\/schema.org","@graph":[{"@type":"WebPage","@id":"https:\/\/fakia.es\/curso\/monografico-de-dibujo-con-modelo-al-natural-febrero-2026\/","url":"https:\/\/fakia.es\/curso\/monografico-de-dibujo-con-modelo-al-natural-febrero-2026\/","name":"MONOGR\u00c0FIC DE DIBUIX AMB MODEL AL NATURAL","isPartOf":{"@id":"https:\/\/fakia.es\/#website"},"primaryImageOfPage":{"@id":"https:\/\/fakia.es\/curso\/monografico-de-dibujo-con-modelo-al-natural-febrero-2026\/#primaryimage"},"image":{"@id":"https:\/\/fakia.es\/curso\/monografico-de-dibujo-con-modelo-al-natural-febrero-2026\/#primaryimage"},"thumbnailUrl":"https:\/\/fakia.es\/wp-content\/uploads\/2025\/12\/fakia-dibujo-modelo-cursos-web-01.jpg","datePublished":"2025-12-05T19:39:01+00:00","dateModified":"2026-01-06T08:54:42+00:00","description":"Sesi\u00f3n de dibujo al natural para practicar encaje, luz y volumen con modelo. Ideal para todos los niveles.","breadcrumb":{"@id":"https:\/\/fakia.es\/curso\/monografico-de-dibujo-con-modelo-al-natural-febrero-2026\/#breadcrumb"},"inLanguage":"ca","potentialAction":[{"@type":"ReadAction","target":["https:\/\/fakia.es\/curso\/monografico-de-dibujo-con-modelo-al-natural-febrero-2026\/"]}]},{"@type":"ImageObject","inLanguage":"ca","@id":"https:\/\/fakia.es\/curso\/monografico-de-dibujo-con-modelo-al-natural-febrero-2026\/#primaryimage","url":"https:\/\/fakia.es\/wp-content\/uploads\/2025\/12\/fakia-dibujo-modelo-cursos-web-01.jpg","contentUrl":"https:\/\/fakia.es\/wp-content\/uploads\/2025\/12\/fakia-dibujo-modelo-cursos-web-01.jpg","width":800,"height":1036},{"@type":"BreadcrumbList","@id":"https:\/\/fakia.es\/curso\/monografico-de-dibujo-con-modelo-al-natural-febrero-2026\/#breadcrumb","itemListElement":[{"@type":"ListItem","position":1,"name":"Portada","item":"https:\/\/fakia.es\/"},{"@type":"ListItem","position":2,"name":"cursos","item":"https:\/\/fakia.es\/shop\/"},{"@type":"ListItem","position":3,"name":"MONOGR\u00c1FICO DE DIBUJO CON MODELO AL NATURAL &#8211; FEBRERO 2026"}]},{"@type":"WebSite","@id":"https:\/\/fakia.es\/#website","url":"https:\/\/fakia.es\/","name":"FAKIA","description":"Escuela de arte en Barcelona, talleres, cursos y monogr\u00e1ficos de artes pl\u00e1sticas.","publisher":{"@id":"https:\/\/fakia.es\/#organization"},"alternateName":"FAKIA ART","potentialAction":[{"@type":"SearchAction","target":{"@type":"EntryPoint","urlTemplate":"https:\/\/fakia.es\/?s={search_term_string}"},"query-input":{"@type":"PropertyValueSpecification","valueRequired":true,"valueName":"search_term_string"}}],"inLanguage":"ca"},{"@type":"Organization","@id":"https:\/\/fakia.es\/#organization","name":"FAKIA","alternateName":"Possible Films S.L.","url":"https:\/\/fakia.es\/","logo":{"@type":"ImageObject","inLanguage":"ca","@id":"https:\/\/fakia.es\/#\/schema\/logo\/image\/","url":"https:\/\/fakia.es\/wp-content\/uploads\/2025\/11\/Logo-Fakia.png","contentUrl":"https:\/\/fakia.es\/wp-content\/uploads\/2025\/11\/Logo-Fakia.png","width":800,"height":600,"caption":"FAKIA"},"image":{"@id":"https:\/\/fakia.es\/#\/schema\/logo\/image\/"}}]}},"_links":{"self":[{"href":"https:\/\/fakia.es\/ca\/wp-json\/wp\/v2\/product\/556","targetHints":{"allow":["GET"]}}],"collection":[{"href":"https:\/\/fakia.es\/ca\/wp-json\/wp\/v2\/product"}],"about":[{"href":"https:\/\/fakia.es\/ca\/wp-json\/wp\/v2\/types\/product"}],"wp:featuredmedia":[{"embeddable":true,"href":"https:\/\/fakia.es\/ca\/wp-json\/wp\/v2\/media\/1498"}],"wp:attachment":[{"href":"https:\/\/fakia.es\/ca\/wp-json\/wp\/v2\/media?parent=556"}],"wp:term":[{"taxonomy":"product_brand","embeddable":true,"href":"https:\/\/fakia.es\/ca\/wp-json\/wp\/v2\/product_brand?post=556"},{"taxonomy":"product_cat","embeddable":true,"href":"https:\/\/fakia.es\/ca\/wp-json\/wp\/v2\/product_cat?post=556"},{"taxonomy":"product_tag","embeddable":true,"href":"https:\/\/fakia.es\/ca\/wp-json\/wp\/v2\/product_tag?post=556"},{"taxonomy":"giftcard-category","embeddable":true,"href":"https:\/\/fakia.es\/ca\/wp-json\/wp\/v2\/giftcard-category?post=556"}],"curies":[{"name":"wp","href":"https:\/\/api.w.org\/{rel}","templated":true}]}}