{"id":553,"date":"2025-12-05T19:32:06","date_gmt":"2025-12-05T19:32:06","guid":{"rendered":"https:\/\/fakia.es\/?post_type=product&#038;p=553"},"modified":"2026-03-22T11:45:33","modified_gmt":"2026-03-22T11:45:33","slug":"taller-de-grabado-con-linoleo-abril-2026","status":"publish","type":"product","link":"https:\/\/fakia.es\/ca\/curso\/taller-de-grabado-con-linoleo-abril-2026\/","title":{"rendered":"TALLER DE GRABADO CON LINOLEO &#8211; ABRIL 2026"},"content":{"rendered":"<h2>MONOGR\u00c0FIC DE GRAVAT DE LINOLI I MONOTIP<\/h2>\n<p><strong>Data i horari: <\/strong>Viernes 24 de abril, de 17:00 a 20:00<\/p>\n<p><strong>Professor: <\/strong>Agust\u00edn Santoyo<\/p>\n<p><strong>Explicaci\u00f3:<\/strong><\/p>\n<p>Aquest monogr\u00e0fic introdueix dues t\u00e8cniques clau del gravat: el lin\u00f2leum i la monot\u00edpia. A la primera part treballarem el linogravat, aprenent a transferir el dibuix, tallar la planxa amb diferents g\u00fabies i entendre el joc entre les zones en positiu i negatiu. Veurem l\u2019\u00fas de la tinta, la pressi\u00f3 i l\u2019estampaci\u00f3 manual per aconseguir impressions netes i contrastades, aprofitant la for\u00e7a del tra\u00e7 tallat.<\/p>\n<p>A la segona part explorarem el mon\u00f2tip, una t\u00e8cnica m\u00e9s lliure i pict\u00f2rica que permet obtenir estampes \u00faniques a partir de taques, textures i superposicions. Experimentarem amb rodets, papers, plantilles i eines no convencionals per crear composicions espont\u00e0nies. La combinaci\u00f3 d\u2019ambdues t\u00e8cniques ofereix un taller equilibrat entre control i experimentaci\u00f3, ideal per descobrir el potencial gr\u00e0fic del gravat.<\/p>","protected":false},"excerpt":{"rendered":"<ul>\n<li><strong>Data i horari: <\/strong>Viernes 24 de abril, de 17:00 a 20:00<\/li>\n<li><strong>Professor: <\/strong>Agust\u00edn Santoyo<\/li>\n<\/ul>\n<p>Aprende linograbado combinando t\u00e9cnica y expresividad.<\/p>","protected":false},"featured_media":1680,"template":"","meta":{"_joinchat":[]},"product_brand":[],"product_cat":[26],"product_tag":[],"giftcard-category":[],"class_list":{"0":"post-553","1":"product","2":"type-product","3":"status-publish","4":"has-post-thumbnail","6":"product_cat-talleres","8":"first","9":"instock","10":"virtual","11":"taxable","12":"purchasable","13":"product-type-simple"},"yoast_head":"<!-- This site is optimized with the Yoast SEO plugin v27.1.1 - https:\/\/yoast.com\/product\/yoast-seo-wordpress\/ -->\n<title>TALLER DE GRABADO CON LINOLEO<\/title>\n<meta name=\"description\" content=\"Iniciaci\u00f3n al grabado con lin\u00f3leo y monotipos: trazo, texturas y composici\u00f3n libre. Ideal para experimentar sin presi\u00f3n.\" \/>\n<meta name=\"robots\" content=\"index, follow, max-snippet:-1, max-image-preview:large, max-video-preview:-1\" \/>\n<link rel=\"canonical\" href=\"https:\/\/fakia.es\/ca\/curso\/monografico-de-grabado-con-linoleo-y-monotipos-febrero-2026\/\" \/>\n<meta property=\"og:locale\" content=\"ca_ES\" \/>\n<meta property=\"og:type\" content=\"article\" \/>\n<meta property=\"og:title\" content=\"TALLER DE GRABADO CON LINOLEO\" \/>\n<meta property=\"og:description\" content=\"Iniciaci\u00f3n al grabado con lin\u00f3leo y monotipos: trazo, texturas y composici\u00f3n libre. Ideal para experimentar sin presi\u00f3n.\" \/>\n<meta property=\"og:url\" content=\"https:\/\/fakia.es\/ca\/curso\/monografico-de-grabado-con-linoleo-y-monotipos-febrero-2026\/\" \/>\n<meta property=\"og:site_name\" content=\"Fakia\" \/>\n<meta property=\"article:modified_time\" content=\"2026-03-22T11:45:33+00:00\" \/>\n<meta property=\"og:image\" content=\"https:\/\/fakia.es\/wp-content\/uploads\/2025\/12\/fakia-grabado-linoleo-1.jpg\" \/>\n\t<meta property=\"og:image:width\" content=\"850\" \/>\n\t<meta property=\"og:image:height\" content=\"897\" \/>\n\t<meta property=\"og:image:type\" content=\"image\/jpeg\" \/>\n<script type=\"application\/ld+json\" class=\"yoast-schema-graph\">{\"@context\":\"https:\/\/schema.org\",\"@graph\":[{\"@type\":\"WebPage\",\"@id\":\"https:\/\/fakia.es\/curso\/taller-de-grabado-con-linoleo-abril-2026\/\",\"url\":\"https:\/\/fakia.es\/curso\/monografico-de-grabado-con-linoleo-y-monotipos-febrero-2026\/\",\"name\":\"TALLER DE GRABADO CON LINOLEO\",\"isPartOf\":{\"@id\":\"https:\/\/fakia.es\/#website\"},\"primaryImageOfPage\":{\"@id\":\"https:\/\/fakia.es\/curso\/monografico-de-grabado-con-linoleo-y-monotipos-febrero-2026\/#primaryimage\"},\"image\":{\"@id\":\"https:\/\/fakia.es\/curso\/monografico-de-grabado-con-linoleo-y-monotipos-febrero-2026\/#primaryimage\"},\"thumbnailUrl\":\"https:\/\/fakia.es\/wp-content\/uploads\/2025\/12\/fakia-grabado-linoleo-1.jpg\",\"datePublished\":\"2025-12-05T19:32:06+00:00\",\"dateModified\":\"2026-03-22T11:45:33+00:00\",\"description\":\"Iniciaci\u00f3n al grabado con lin\u00f3leo y monotipos: trazo, texturas y composici\u00f3n libre. Ideal para experimentar sin presi\u00f3n.\",\"breadcrumb\":{\"@id\":\"https:\/\/fakia.es\/curso\/monografico-de-grabado-con-linoleo-y-monotipos-febrero-2026\/#breadcrumb\"},\"inLanguage\":\"ca\",\"potentialAction\":[{\"@type\":\"ReadAction\",\"target\":[\"https:\/\/fakia.es\/curso\/monografico-de-grabado-con-linoleo-y-monotipos-febrero-2026\/\"]}]},{\"@type\":\"ImageObject\",\"inLanguage\":\"ca\",\"@id\":\"https:\/\/fakia.es\/curso\/monografico-de-grabado-con-linoleo-y-monotipos-febrero-2026\/#primaryimage\",\"url\":\"https:\/\/fakia.es\/wp-content\/uploads\/2025\/12\/fakia-grabado-linoleo-1.jpg\",\"contentUrl\":\"https:\/\/fakia.es\/wp-content\/uploads\/2025\/12\/fakia-grabado-linoleo-1.jpg\",\"width\":850,\"height\":897},{\"@type\":\"BreadcrumbList\",\"@id\":\"https:\/\/fakia.es\/curso\/monografico-de-grabado-con-linoleo-y-monotipos-febrero-2026\/#breadcrumb\",\"itemListElement\":[{\"@type\":\"ListItem\",\"position\":1,\"name\":\"Portada\",\"item\":\"https:\/\/fakia.es\/\"},{\"@type\":\"ListItem\",\"position\":2,\"name\":\"cursos\",\"item\":\"https:\/\/fakia.es\/shop\/\"},{\"@type\":\"ListItem\",\"position\":3,\"name\":\"TALLER DE GRABADO CON LINOLEO &#8211; ABRIL 2026\"}]},{\"@type\":\"WebSite\",\"@id\":\"https:\/\/fakia.es\/#website\",\"url\":\"https:\/\/fakia.es\/\",\"name\":\"FAKIA\",\"description\":\"Escuela de arte en Barcelona, talleres, cursos y monogr\u00e1ficos de artes pl\u00e1sticas.\",\"publisher\":{\"@id\":\"https:\/\/fakia.es\/#organization\"},\"alternateName\":\"FAKIA ART\",\"potentialAction\":[{\"@type\":\"SearchAction\",\"target\":{\"@type\":\"EntryPoint\",\"urlTemplate\":\"https:\/\/fakia.es\/?s={search_term_string}\"},\"query-input\":{\"@type\":\"PropertyValueSpecification\",\"valueRequired\":true,\"valueName\":\"search_term_string\"}}],\"inLanguage\":\"ca\"},{\"@type\":\"Organization\",\"@id\":\"https:\/\/fakia.es\/#organization\",\"name\":\"FAKIA\",\"alternateName\":\"Possible Films S.L.\",\"url\":\"https:\/\/fakia.es\/\",\"logo\":{\"@type\":\"ImageObject\",\"inLanguage\":\"ca\",\"@id\":\"https:\/\/fakia.es\/#\/schema\/logo\/image\/\",\"url\":\"https:\/\/fakia.es\/wp-content\/uploads\/2025\/11\/Logo-Fakia.png\",\"contentUrl\":\"https:\/\/fakia.es\/wp-content\/uploads\/2025\/11\/Logo-Fakia.png\",\"width\":800,\"height\":600,\"caption\":\"FAKIA\"},\"image\":{\"@id\":\"https:\/\/fakia.es\/#\/schema\/logo\/image\/\"}}]}<\/script>\n<!-- \/ Yoast SEO plugin. -->","yoast_head_json":{"title":"TALLER DE GRABADO CON LINOLEO","description":"Iniciaci\u00f3n al grabado con lin\u00f3leo y monotipos: trazo, texturas y composici\u00f3n libre. Ideal para experimentar sin presi\u00f3n.","robots":{"index":"index","follow":"follow","max-snippet":"max-snippet:-1","max-image-preview":"max-image-preview:large","max-video-preview":"max-video-preview:-1"},"canonical":"https:\/\/fakia.es\/ca\/curso\/monografico-de-grabado-con-linoleo-y-monotipos-febrero-2026\/","og_locale":"ca_ES","og_type":"article","og_title":"TALLER DE GRABADO CON LINOLEO","og_description":"Iniciaci\u00f3n al grabado con lin\u00f3leo y monotipos: trazo, texturas y composici\u00f3n libre. Ideal para experimentar sin presi\u00f3n.","og_url":"https:\/\/fakia.es\/ca\/curso\/monografico-de-grabado-con-linoleo-y-monotipos-febrero-2026\/","og_site_name":"Fakia","article_modified_time":"2026-03-22T11:45:33+00:00","og_image":[{"width":850,"height":897,"url":"https:\/\/fakia.es\/wp-content\/uploads\/2025\/12\/fakia-grabado-linoleo-1.jpg","type":"image\/jpeg"}],"schema":{"@context":"https:\/\/schema.org","@graph":[{"@type":"WebPage","@id":"https:\/\/fakia.es\/curso\/taller-de-grabado-con-linoleo-abril-2026\/","url":"https:\/\/fakia.es\/curso\/monografico-de-grabado-con-linoleo-y-monotipos-febrero-2026\/","name":"TALLER DE GRABADO CON LINOLEO","isPartOf":{"@id":"https:\/\/fakia.es\/#website"},"primaryImageOfPage":{"@id":"https:\/\/fakia.es\/curso\/monografico-de-grabado-con-linoleo-y-monotipos-febrero-2026\/#primaryimage"},"image":{"@id":"https:\/\/fakia.es\/curso\/monografico-de-grabado-con-linoleo-y-monotipos-febrero-2026\/#primaryimage"},"thumbnailUrl":"https:\/\/fakia.es\/wp-content\/uploads\/2025\/12\/fakia-grabado-linoleo-1.jpg","datePublished":"2025-12-05T19:32:06+00:00","dateModified":"2026-03-22T11:45:33+00:00","description":"Iniciaci\u00f3n al grabado con lin\u00f3leo y monotipos: trazo, texturas y composici\u00f3n libre. Ideal para experimentar sin presi\u00f3n.","breadcrumb":{"@id":"https:\/\/fakia.es\/curso\/monografico-de-grabado-con-linoleo-y-monotipos-febrero-2026\/#breadcrumb"},"inLanguage":"ca","potentialAction":[{"@type":"ReadAction","target":["https:\/\/fakia.es\/curso\/monografico-de-grabado-con-linoleo-y-monotipos-febrero-2026\/"]}]},{"@type":"ImageObject","inLanguage":"ca","@id":"https:\/\/fakia.es\/curso\/monografico-de-grabado-con-linoleo-y-monotipos-febrero-2026\/#primaryimage","url":"https:\/\/fakia.es\/wp-content\/uploads\/2025\/12\/fakia-grabado-linoleo-1.jpg","contentUrl":"https:\/\/fakia.es\/wp-content\/uploads\/2025\/12\/fakia-grabado-linoleo-1.jpg","width":850,"height":897},{"@type":"BreadcrumbList","@id":"https:\/\/fakia.es\/curso\/monografico-de-grabado-con-linoleo-y-monotipos-febrero-2026\/#breadcrumb","itemListElement":[{"@type":"ListItem","position":1,"name":"Portada","item":"https:\/\/fakia.es\/"},{"@type":"ListItem","position":2,"name":"cursos","item":"https:\/\/fakia.es\/shop\/"},{"@type":"ListItem","position":3,"name":"TALLER DE GRABADO CON LINOLEO &#8211; ABRIL 2026"}]},{"@type":"WebSite","@id":"https:\/\/fakia.es\/#website","url":"https:\/\/fakia.es\/","name":"FAKIA","description":"Escuela de arte en Barcelona, talleres, cursos y monogr\u00e1ficos de artes pl\u00e1sticas.","publisher":{"@id":"https:\/\/fakia.es\/#organization"},"alternateName":"FAKIA ART","potentialAction":[{"@type":"SearchAction","target":{"@type":"EntryPoint","urlTemplate":"https:\/\/fakia.es\/?s={search_term_string}"},"query-input":{"@type":"PropertyValueSpecification","valueRequired":true,"valueName":"search_term_string"}}],"inLanguage":"ca"},{"@type":"Organization","@id":"https:\/\/fakia.es\/#organization","name":"FAKIA","alternateName":"Possible Films S.L.","url":"https:\/\/fakia.es\/","logo":{"@type":"ImageObject","inLanguage":"ca","@id":"https:\/\/fakia.es\/#\/schema\/logo\/image\/","url":"https:\/\/fakia.es\/wp-content\/uploads\/2025\/11\/Logo-Fakia.png","contentUrl":"https:\/\/fakia.es\/wp-content\/uploads\/2025\/11\/Logo-Fakia.png","width":800,"height":600,"caption":"FAKIA"},"image":{"@id":"https:\/\/fakia.es\/#\/schema\/logo\/image\/"}}]}},"_links":{"self":[{"href":"https:\/\/fakia.es\/ca\/wp-json\/wp\/v2\/product\/553","targetHints":{"allow":["GET"]}}],"collection":[{"href":"https:\/\/fakia.es\/ca\/wp-json\/wp\/v2\/product"}],"about":[{"href":"https:\/\/fakia.es\/ca\/wp-json\/wp\/v2\/types\/product"}],"wp:featuredmedia":[{"embeddable":true,"href":"https:\/\/fakia.es\/ca\/wp-json\/wp\/v2\/media\/1680"}],"wp:attachment":[{"href":"https:\/\/fakia.es\/ca\/wp-json\/wp\/v2\/media?parent=553"}],"wp:term":[{"taxonomy":"product_brand","embeddable":true,"href":"https:\/\/fakia.es\/ca\/wp-json\/wp\/v2\/product_brand?post=553"},{"taxonomy":"product_cat","embeddable":true,"href":"https:\/\/fakia.es\/ca\/wp-json\/wp\/v2\/product_cat?post=553"},{"taxonomy":"product_tag","embeddable":true,"href":"https:\/\/fakia.es\/ca\/wp-json\/wp\/v2\/product_tag?post=553"},{"taxonomy":"giftcard-category","embeddable":true,"href":"https:\/\/fakia.es\/ca\/wp-json\/wp\/v2\/giftcard-category?post=553"}],"curies":[{"name":"wp","href":"https:\/\/api.w.org\/{rel}","templated":true}]}}