{"id":551,"date":"2025-12-05T19:25:35","date_gmt":"2025-12-05T19:25:35","guid":{"rendered":"https:\/\/fakia.es\/?post_type=product&#038;p=551"},"modified":"2026-03-22T11:35:25","modified_gmt":"2026-03-22T11:35:25","slug":"taller-de-escultura-con-arcilla-chamota-abril-2026","status":"publish","type":"product","link":"https:\/\/fakia.es\/ca\/curso\/taller-de-escultura-con-arcilla-chamota-abril-2026\/","title":{"rendered":"TALLER DE ESCULTURA CON ARCILLA CHAMOTA &#8211; ABRIL 2026"},"content":{"rendered":"<h2>TALLER DE ESCULTURA CON ARCILLA CHAMOTA<\/h2>\n<p><strong>Data i horari: <\/strong>S\u00e1bado 18 de abril, de 10:30 a 13:30<\/p>\n<p><strong>Profesoras: <\/strong>Koala<\/p>\n<p><strong>Explicaci\u00f3:<\/strong><\/p>\n<p>Este taller trabajar\u00e1 la arcilla chamota de secado al aire para crear objetos, texturas y peque\u00f1as piezas escult\u00f3ricas. Partiremos de formas sencillas para comprender c\u00f3mo se comportan los materiales, c\u00f3mo construir volumen, unir elementos y generar superficies estables.<\/p>\n<p>No \u00e9s un taller acad\u00e8mic ni centrat en la pe\u00e7a \u201cperfecta\u201d, sin\u00f3 un espai per embrutar-se les mans, provar combinacions i aprendre processos a trav\u00e9s de la pr\u00e0ctica. Cada participant podr\u00e0 experimentar lliurement i desenvolupar el seu propi llenguatge material, gaudint de l\u2019acte de crear sense pressi\u00f3.<\/p>","protected":false},"excerpt":{"rendered":"<ul>\n<li><strong>Data i horari: <\/strong>S\u00e1bado 18 de abril, de 10:30 a 13:30<\/li>\n<li><strong>Profesoras: <\/strong>Koala<\/li>\n<\/ul>\n<p>Un laboratori de mat\u00e8ria per explorar volums, textures i objectes. Crear sense pressi\u00f3.<\/p>","protected":false},"featured_media":1677,"template":"","meta":{"_joinchat":[]},"product_brand":[],"product_cat":[26],"product_tag":[],"giftcard-category":[],"class_list":{"0":"post-551","1":"product","2":"type-product","3":"status-publish","4":"has-post-thumbnail","6":"product_cat-talleres","8":"first","9":"instock","10":"virtual","11":"taxable","12":"purchasable","13":"product-type-simple"},"yoast_head":"<!-- This site is optimized with the Yoast SEO plugin v27.1.1 - https:\/\/yoast.com\/product\/yoast-seo-wordpress\/ -->\n<title>TALLER DE ESCULTURA CON ARCILLA CHAMOTA<\/title>\n<meta name=\"description\" content=\"Escultura abstracta con arcilla chamota de secado al aire. Aprende a crear volumen, textura y objetos pl\u00e1sticos con libertad y sin presi\u00f3n.\" \/>\n<meta name=\"robots\" content=\"index, follow, max-snippet:-1, max-image-preview:large, max-video-preview:-1\" \/>\n<link rel=\"canonical\" href=\"https:\/\/fakia.es\/ca\/curso\/monografico-de-escultura-a-traves-de-la-experimentacion-con-la-materia-enero-2026\/\" \/>\n<meta property=\"og:locale\" content=\"ca_ES\" \/>\n<meta property=\"og:type\" content=\"article\" \/>\n<meta property=\"og:title\" content=\"TALLER DE ESCULTURA CON ARCILLA CHAMOTA\" \/>\n<meta property=\"og:description\" content=\"Escultura abstracta con arcilla chamota de secado al aire. Aprende a crear volumen, textura y objetos pl\u00e1sticos con libertad y sin presi\u00f3n.\" \/>\n<meta property=\"og:url\" content=\"https:\/\/fakia.es\/ca\/curso\/monografico-de-escultura-a-traves-de-la-experimentacion-con-la-materia-enero-2026\/\" \/>\n<meta property=\"og:site_name\" content=\"Fakia\" \/>\n<meta property=\"article:modified_time\" content=\"2026-03-22T11:35:25+00:00\" \/>\n<meta property=\"og:image\" content=\"https:\/\/fakia.es\/wp-content\/uploads\/2025\/12\/839FDAB8-BA53-4874-87BF-D9E705E2F2B6_4_5005_c.jpeg\" \/>\n\t<meta property=\"og:image:width\" content=\"310\" \/>\n\t<meta property=\"og:image:height\" content=\"552\" \/>\n\t<meta property=\"og:image:type\" content=\"image\/jpeg\" \/>\n<script type=\"application\/ld+json\" class=\"yoast-schema-graph\">{\"@context\":\"https:\/\/schema.org\",\"@graph\":[{\"@type\":\"WebPage\",\"@id\":\"https:\/\/fakia.es\/curso\/taller-de-escultura-con-arcilla-chamota-abril-2026\/\",\"url\":\"https:\/\/fakia.es\/curso\/monografico-de-escultura-a-traves-de-la-experimentacion-con-la-materia-enero-2026\/\",\"name\":\"TALLER DE ESCULTURA CON ARCILLA CHAMOTA\",\"isPartOf\":{\"@id\":\"https:\/\/fakia.es\/#website\"},\"primaryImageOfPage\":{\"@id\":\"https:\/\/fakia.es\/curso\/monografico-de-escultura-a-traves-de-la-experimentacion-con-la-materia-enero-2026\/#primaryimage\"},\"image\":{\"@id\":\"https:\/\/fakia.es\/curso\/monografico-de-escultura-a-traves-de-la-experimentacion-con-la-materia-enero-2026\/#primaryimage\"},\"thumbnailUrl\":\"https:\/\/fakia.es\/wp-content\/uploads\/2025\/12\/839FDAB8-BA53-4874-87BF-D9E705E2F2B6_4_5005_c.jpeg\",\"datePublished\":\"2025-12-05T19:25:35+00:00\",\"dateModified\":\"2026-03-22T11:35:25+00:00\",\"description\":\"Escultura abstracta con arcilla chamota de secado al aire. Aprende a crear volumen, textura y objetos pl\u00e1sticos con libertad y sin presi\u00f3n.\",\"breadcrumb\":{\"@id\":\"https:\/\/fakia.es\/curso\/monografico-de-escultura-a-traves-de-la-experimentacion-con-la-materia-enero-2026\/#breadcrumb\"},\"inLanguage\":\"ca\",\"potentialAction\":[{\"@type\":\"ReadAction\",\"target\":[\"https:\/\/fakia.es\/curso\/monografico-de-escultura-a-traves-de-la-experimentacion-con-la-materia-enero-2026\/\"]}]},{\"@type\":\"ImageObject\",\"inLanguage\":\"ca\",\"@id\":\"https:\/\/fakia.es\/curso\/monografico-de-escultura-a-traves-de-la-experimentacion-con-la-materia-enero-2026\/#primaryimage\",\"url\":\"https:\/\/fakia.es\/wp-content\/uploads\/2025\/12\/839FDAB8-BA53-4874-87BF-D9E705E2F2B6_4_5005_c.jpeg\",\"contentUrl\":\"https:\/\/fakia.es\/wp-content\/uploads\/2025\/12\/839FDAB8-BA53-4874-87BF-D9E705E2F2B6_4_5005_c.jpeg\",\"width\":310,\"height\":552},{\"@type\":\"BreadcrumbList\",\"@id\":\"https:\/\/fakia.es\/curso\/monografico-de-escultura-a-traves-de-la-experimentacion-con-la-materia-enero-2026\/#breadcrumb\",\"itemListElement\":[{\"@type\":\"ListItem\",\"position\":1,\"name\":\"Portada\",\"item\":\"https:\/\/fakia.es\/\"},{\"@type\":\"ListItem\",\"position\":2,\"name\":\"cursos\",\"item\":\"https:\/\/fakia.es\/shop\/\"},{\"@type\":\"ListItem\",\"position\":3,\"name\":\"TALLER DE ESCULTURA CON ARCILLA CHAMOTA &#8211; ABRIL 2026\"}]},{\"@type\":\"WebSite\",\"@id\":\"https:\/\/fakia.es\/#website\",\"url\":\"https:\/\/fakia.es\/\",\"name\":\"FAKIA\",\"description\":\"Escuela de arte en Barcelona, talleres, cursos y monogr\u00e1ficos de artes pl\u00e1sticas.\",\"publisher\":{\"@id\":\"https:\/\/fakia.es\/#organization\"},\"alternateName\":\"FAKIA ART\",\"potentialAction\":[{\"@type\":\"SearchAction\",\"target\":{\"@type\":\"EntryPoint\",\"urlTemplate\":\"https:\/\/fakia.es\/?s={search_term_string}\"},\"query-input\":{\"@type\":\"PropertyValueSpecification\",\"valueRequired\":true,\"valueName\":\"search_term_string\"}}],\"inLanguage\":\"ca\"},{\"@type\":\"Organization\",\"@id\":\"https:\/\/fakia.es\/#organization\",\"name\":\"FAKIA\",\"alternateName\":\"Possible Films S.L.\",\"url\":\"https:\/\/fakia.es\/\",\"logo\":{\"@type\":\"ImageObject\",\"inLanguage\":\"ca\",\"@id\":\"https:\/\/fakia.es\/#\/schema\/logo\/image\/\",\"url\":\"https:\/\/fakia.es\/wp-content\/uploads\/2025\/11\/Logo-Fakia.png\",\"contentUrl\":\"https:\/\/fakia.es\/wp-content\/uploads\/2025\/11\/Logo-Fakia.png\",\"width\":800,\"height\":600,\"caption\":\"FAKIA\"},\"image\":{\"@id\":\"https:\/\/fakia.es\/#\/schema\/logo\/image\/\"}}]}<\/script>\n<!-- \/ Yoast SEO plugin. -->","yoast_head_json":{"title":"TALLER DE ESCULTURA CON ARCILLA CHAMOTA","description":"Escultura abstracta con arcilla chamota de secado al aire. Aprende a crear volumen, textura y objetos pl\u00e1sticos con libertad y sin presi\u00f3n.","robots":{"index":"index","follow":"follow","max-snippet":"max-snippet:-1","max-image-preview":"max-image-preview:large","max-video-preview":"max-video-preview:-1"},"canonical":"https:\/\/fakia.es\/ca\/curso\/monografico-de-escultura-a-traves-de-la-experimentacion-con-la-materia-enero-2026\/","og_locale":"ca_ES","og_type":"article","og_title":"TALLER DE ESCULTURA CON ARCILLA CHAMOTA","og_description":"Escultura abstracta con arcilla chamota de secado al aire. Aprende a crear volumen, textura y objetos pl\u00e1sticos con libertad y sin presi\u00f3n.","og_url":"https:\/\/fakia.es\/ca\/curso\/monografico-de-escultura-a-traves-de-la-experimentacion-con-la-materia-enero-2026\/","og_site_name":"Fakia","article_modified_time":"2026-03-22T11:35:25+00:00","og_image":[{"width":310,"height":552,"url":"https:\/\/fakia.es\/wp-content\/uploads\/2025\/12\/839FDAB8-BA53-4874-87BF-D9E705E2F2B6_4_5005_c.jpeg","type":"image\/jpeg"}],"schema":{"@context":"https:\/\/schema.org","@graph":[{"@type":"WebPage","@id":"https:\/\/fakia.es\/curso\/taller-de-escultura-con-arcilla-chamota-abril-2026\/","url":"https:\/\/fakia.es\/curso\/monografico-de-escultura-a-traves-de-la-experimentacion-con-la-materia-enero-2026\/","name":"TALLER DE ESCULTURA CON ARCILLA CHAMOTA","isPartOf":{"@id":"https:\/\/fakia.es\/#website"},"primaryImageOfPage":{"@id":"https:\/\/fakia.es\/curso\/monografico-de-escultura-a-traves-de-la-experimentacion-con-la-materia-enero-2026\/#primaryimage"},"image":{"@id":"https:\/\/fakia.es\/curso\/monografico-de-escultura-a-traves-de-la-experimentacion-con-la-materia-enero-2026\/#primaryimage"},"thumbnailUrl":"https:\/\/fakia.es\/wp-content\/uploads\/2025\/12\/839FDAB8-BA53-4874-87BF-D9E705E2F2B6_4_5005_c.jpeg","datePublished":"2025-12-05T19:25:35+00:00","dateModified":"2026-03-22T11:35:25+00:00","description":"Escultura abstracta con arcilla chamota de secado al aire. Aprende a crear volumen, textura y objetos pl\u00e1sticos con libertad y sin presi\u00f3n.","breadcrumb":{"@id":"https:\/\/fakia.es\/curso\/monografico-de-escultura-a-traves-de-la-experimentacion-con-la-materia-enero-2026\/#breadcrumb"},"inLanguage":"ca","potentialAction":[{"@type":"ReadAction","target":["https:\/\/fakia.es\/curso\/monografico-de-escultura-a-traves-de-la-experimentacion-con-la-materia-enero-2026\/"]}]},{"@type":"ImageObject","inLanguage":"ca","@id":"https:\/\/fakia.es\/curso\/monografico-de-escultura-a-traves-de-la-experimentacion-con-la-materia-enero-2026\/#primaryimage","url":"https:\/\/fakia.es\/wp-content\/uploads\/2025\/12\/839FDAB8-BA53-4874-87BF-D9E705E2F2B6_4_5005_c.jpeg","contentUrl":"https:\/\/fakia.es\/wp-content\/uploads\/2025\/12\/839FDAB8-BA53-4874-87BF-D9E705E2F2B6_4_5005_c.jpeg","width":310,"height":552},{"@type":"BreadcrumbList","@id":"https:\/\/fakia.es\/curso\/monografico-de-escultura-a-traves-de-la-experimentacion-con-la-materia-enero-2026\/#breadcrumb","itemListElement":[{"@type":"ListItem","position":1,"name":"Portada","item":"https:\/\/fakia.es\/"},{"@type":"ListItem","position":2,"name":"cursos","item":"https:\/\/fakia.es\/shop\/"},{"@type":"ListItem","position":3,"name":"TALLER DE ESCULTURA CON ARCILLA CHAMOTA &#8211; ABRIL 2026"}]},{"@type":"WebSite","@id":"https:\/\/fakia.es\/#website","url":"https:\/\/fakia.es\/","name":"FAKIA","description":"Escuela de arte en Barcelona, talleres, cursos y monogr\u00e1ficos de artes pl\u00e1sticas.","publisher":{"@id":"https:\/\/fakia.es\/#organization"},"alternateName":"FAKIA ART","potentialAction":[{"@type":"SearchAction","target":{"@type":"EntryPoint","urlTemplate":"https:\/\/fakia.es\/?s={search_term_string}"},"query-input":{"@type":"PropertyValueSpecification","valueRequired":true,"valueName":"search_term_string"}}],"inLanguage":"ca"},{"@type":"Organization","@id":"https:\/\/fakia.es\/#organization","name":"FAKIA","alternateName":"Possible Films S.L.","url":"https:\/\/fakia.es\/","logo":{"@type":"ImageObject","inLanguage":"ca","@id":"https:\/\/fakia.es\/#\/schema\/logo\/image\/","url":"https:\/\/fakia.es\/wp-content\/uploads\/2025\/11\/Logo-Fakia.png","contentUrl":"https:\/\/fakia.es\/wp-content\/uploads\/2025\/11\/Logo-Fakia.png","width":800,"height":600,"caption":"FAKIA"},"image":{"@id":"https:\/\/fakia.es\/#\/schema\/logo\/image\/"}}]}},"_links":{"self":[{"href":"https:\/\/fakia.es\/ca\/wp-json\/wp\/v2\/product\/551","targetHints":{"allow":["GET"]}}],"collection":[{"href":"https:\/\/fakia.es\/ca\/wp-json\/wp\/v2\/product"}],"about":[{"href":"https:\/\/fakia.es\/ca\/wp-json\/wp\/v2\/types\/product"}],"wp:featuredmedia":[{"embeddable":true,"href":"https:\/\/fakia.es\/ca\/wp-json\/wp\/v2\/media\/1677"}],"wp:attachment":[{"href":"https:\/\/fakia.es\/ca\/wp-json\/wp\/v2\/media?parent=551"}],"wp:term":[{"taxonomy":"product_brand","embeddable":true,"href":"https:\/\/fakia.es\/ca\/wp-json\/wp\/v2\/product_brand?post=551"},{"taxonomy":"product_cat","embeddable":true,"href":"https:\/\/fakia.es\/ca\/wp-json\/wp\/v2\/product_cat?post=551"},{"taxonomy":"product_tag","embeddable":true,"href":"https:\/\/fakia.es\/ca\/wp-json\/wp\/v2\/product_tag?post=551"},{"taxonomy":"giftcard-category","embeddable":true,"href":"https:\/\/fakia.es\/ca\/wp-json\/wp\/v2\/giftcard-category?post=551"}],"curies":[{"name":"wp","href":"https:\/\/api.w.org\/{rel}","templated":true}]}}