{"id":542,"date":"2025-12-05T18:44:20","date_gmt":"2025-12-05T18:44:20","guid":{"rendered":"https:\/\/fakia.es\/?post_type=product&#038;p=542"},"modified":"2026-03-22T11:04:40","modified_gmt":"2026-03-22T11:04:40","slug":"taller-de-experimentacion-con-la-acuarela-abril-2026","status":"publish","type":"product","link":"https:\/\/fakia.es\/ca\/curso\/taller-de-experimentacion-con-la-acuarela-abril-2026\/","title":{"rendered":"TALLER DE EXPERIMENTACI\u00d3N CON LA ACUARELA &#8211; ABRIL 2026"},"content":{"rendered":"<h2>TALLER DE EXPERIMENTACI\u00d3N CON LA ACUARELA<\/h2>\n<p><strong>Data i horari: <\/strong>S\u00e1bado 11 de abril, de 10:30 a 13:30<\/p>\n<p><strong>Professora: <\/strong>\u00darsula Uriach<\/p>\n<p><strong>Explicaci\u00f3:<\/strong><\/p>\n<p>L\u2019aquarel\u00b7la \u00e9s una t\u00e8cnica pict\u00f2rica \u00fanica per la seva lleugeresa, transpar\u00e8ncia i capacitat de sorpresa. En aquest taller treballarem des d\u2019un nivell inicial, ideal tant per a qui no ha pintat mai com per a qui ja en t\u00e9 nocions i vol ampliar recursos. A trav\u00e9s d\u2019exercicis t\u00e8cnics i experimentals aprendrem a controlar l\u2019aigua, el pigment i el tra\u00e7, entenent com interactuen entre ells i com podem aprofitar les seves possibilitats expressives.<\/p>\n<p>Explorarem diferents maneres d\u2019aplicar el color, crear veladures, degradats, textures i efectes espontanis, combinant l\u2019aquarel\u00b7la amb pastel i altres materials complementaris per expandir el llenguatge visual. L\u2019objectiu \u00e9s que cada participant trobi la seva pr\u00f2pia manera de mirar, interpretar i construir imatges, gaudint d\u2019un proc\u00e9s lliure, intu\u00eftiu i molt personal.<\/p>","protected":false},"excerpt":{"rendered":"<ul>\n<li><strong>Data i horari: <\/strong>S\u00e1bado 11 de abril, de 10:30 a 13:30<\/li>\n<li><strong>Professora: <\/strong>\u00darsula Uriach<\/li>\n<\/ul>\n<p>Descobrir el poder de l'aigua i pigment.<\/p>","protected":false},"featured_media":685,"template":"","meta":{"_joinchat":[]},"product_brand":[],"product_cat":[26],"product_tag":[],"giftcard-category":[],"class_list":{"0":"post-542","1":"product","2":"type-product","3":"status-publish","4":"has-post-thumbnail","6":"product_cat-talleres","8":"first","9":"instock","10":"virtual","11":"taxable","12":"purchasable","13":"product-type-simple"},"yoast_head":"<!-- This site is optimized with the Yoast SEO plugin v27.1.1 - https:\/\/yoast.com\/product\/yoast-seo-wordpress\/ -->\n<title>TALLER DE EXPERIMENTACI\u00d3N CON LA ACUARELA<\/title>\n<meta name=\"description\" content=\"Taller inicial y experimental para dominar pigmento, agua y trazo. Incluye t\u00e9cnicas mixtas con pastel para desarrollar un estilo libre e intuitivo.\" \/>\n<meta name=\"robots\" content=\"index, follow, max-snippet:-1, max-image-preview:large, max-video-preview:-1\" \/>\n<link rel=\"canonical\" href=\"https:\/\/fakia.es\/ca\/curso\/monografico-de-experimentacion-con-la-acuarela-enero-2026\/\" \/>\n<meta property=\"og:locale\" content=\"ca_ES\" \/>\n<meta property=\"og:type\" content=\"article\" \/>\n<meta property=\"og:title\" content=\"TALLER DE EXPERIMENTACI\u00d3N CON LA ACUARELA\" \/>\n<meta property=\"og:description\" content=\"Taller inicial y experimental para dominar pigmento, agua y trazo. Incluye t\u00e9cnicas mixtas con pastel para desarrollar un estilo libre e intuitivo.\" \/>\n<meta property=\"og:url\" content=\"https:\/\/fakia.es\/ca\/curso\/monografico-de-experimentacion-con-la-acuarela-enero-2026\/\" \/>\n<meta property=\"og:site_name\" content=\"Fakia\" \/>\n<meta property=\"article:modified_time\" content=\"2026-03-22T11:04:40+00:00\" \/>\n<meta property=\"og:image\" content=\"https:\/\/fakia.es\/wp-content\/uploads\/2025\/12\/fakia-acuarela-experimental-cursos-web-01-scaled.jpg\" \/>\n\t<meta property=\"og:image:width\" content=\"1920\" \/>\n\t<meta property=\"og:image:height\" content=\"2560\" \/>\n\t<meta property=\"og:image:type\" content=\"image\/jpeg\" \/>\n<script type=\"application\/ld+json\" class=\"yoast-schema-graph\">{\"@context\":\"https:\/\/schema.org\",\"@graph\":[{\"@type\":\"WebPage\",\"@id\":\"https:\/\/fakia.es\/curso\/taller-de-experimentacion-con-la-acuarela-abril-2026\/\",\"url\":\"https:\/\/fakia.es\/curso\/monografico-de-experimentacion-con-la-acuarela-enero-2026\/\",\"name\":\"TALLER DE EXPERIMENTACI\u00d3N CON LA ACUARELA\",\"isPartOf\":{\"@id\":\"https:\/\/fakia.es\/#website\"},\"primaryImageOfPage\":{\"@id\":\"https:\/\/fakia.es\/curso\/monografico-de-experimentacion-con-la-acuarela-enero-2026\/#primaryimage\"},\"image\":{\"@id\":\"https:\/\/fakia.es\/curso\/monografico-de-experimentacion-con-la-acuarela-enero-2026\/#primaryimage\"},\"thumbnailUrl\":\"https:\/\/fakia.es\/wp-content\/uploads\/2025\/12\/fakia-acuarela-experimental-cursos-web-01-scaled.jpg\",\"datePublished\":\"2025-12-05T18:44:20+00:00\",\"dateModified\":\"2026-03-22T11:04:40+00:00\",\"description\":\"Taller inicial y experimental para dominar pigmento, agua y trazo. Incluye t\u00e9cnicas mixtas con pastel para desarrollar un estilo libre e intuitivo.\",\"breadcrumb\":{\"@id\":\"https:\/\/fakia.es\/curso\/monografico-de-experimentacion-con-la-acuarela-enero-2026\/#breadcrumb\"},\"inLanguage\":\"ca\",\"potentialAction\":[{\"@type\":\"ReadAction\",\"target\":[\"https:\/\/fakia.es\/curso\/monografico-de-experimentacion-con-la-acuarela-enero-2026\/\"]}]},{\"@type\":\"ImageObject\",\"inLanguage\":\"ca\",\"@id\":\"https:\/\/fakia.es\/curso\/monografico-de-experimentacion-con-la-acuarela-enero-2026\/#primaryimage\",\"url\":\"https:\/\/fakia.es\/wp-content\/uploads\/2025\/12\/fakia-acuarela-experimental-cursos-web-01-scaled.jpg\",\"contentUrl\":\"https:\/\/fakia.es\/wp-content\/uploads\/2025\/12\/fakia-acuarela-experimental-cursos-web-01-scaled.jpg\",\"width\":1920,\"height\":2560},{\"@type\":\"BreadcrumbList\",\"@id\":\"https:\/\/fakia.es\/curso\/monografico-de-experimentacion-con-la-acuarela-enero-2026\/#breadcrumb\",\"itemListElement\":[{\"@type\":\"ListItem\",\"position\":1,\"name\":\"Portada\",\"item\":\"https:\/\/fakia.es\/\"},{\"@type\":\"ListItem\",\"position\":2,\"name\":\"cursos\",\"item\":\"https:\/\/fakia.es\/shop\/\"},{\"@type\":\"ListItem\",\"position\":3,\"name\":\"TALLER DE EXPERIMENTACI\u00d3N CON LA ACUARELA &#8211; ABRIL 2026\"}]},{\"@type\":\"WebSite\",\"@id\":\"https:\/\/fakia.es\/#website\",\"url\":\"https:\/\/fakia.es\/\",\"name\":\"FAKIA\",\"description\":\"Escuela de arte en Barcelona, talleres, cursos y monogr\u00e1ficos de artes pl\u00e1sticas.\",\"publisher\":{\"@id\":\"https:\/\/fakia.es\/#organization\"},\"alternateName\":\"FAKIA ART\",\"potentialAction\":[{\"@type\":\"SearchAction\",\"target\":{\"@type\":\"EntryPoint\",\"urlTemplate\":\"https:\/\/fakia.es\/?s={search_term_string}\"},\"query-input\":{\"@type\":\"PropertyValueSpecification\",\"valueRequired\":true,\"valueName\":\"search_term_string\"}}],\"inLanguage\":\"ca\"},{\"@type\":\"Organization\",\"@id\":\"https:\/\/fakia.es\/#organization\",\"name\":\"FAKIA\",\"alternateName\":\"Possible Films S.L.\",\"url\":\"https:\/\/fakia.es\/\",\"logo\":{\"@type\":\"ImageObject\",\"inLanguage\":\"ca\",\"@id\":\"https:\/\/fakia.es\/#\/schema\/logo\/image\/\",\"url\":\"https:\/\/fakia.es\/wp-content\/uploads\/2025\/11\/Logo-Fakia.png\",\"contentUrl\":\"https:\/\/fakia.es\/wp-content\/uploads\/2025\/11\/Logo-Fakia.png\",\"width\":800,\"height\":600,\"caption\":\"FAKIA\"},\"image\":{\"@id\":\"https:\/\/fakia.es\/#\/schema\/logo\/image\/\"}}]}<\/script>\n<!-- \/ Yoast SEO plugin. -->","yoast_head_json":{"title":"TALLER DE EXPERIMENTACI\u00d3N CON LA ACUARELA","description":"Taller inicial y experimental para dominar pigmento, agua y trazo. Incluye t\u00e9cnicas mixtas con pastel para desarrollar un estilo libre e intuitivo.","robots":{"index":"index","follow":"follow","max-snippet":"max-snippet:-1","max-image-preview":"max-image-preview:large","max-video-preview":"max-video-preview:-1"},"canonical":"https:\/\/fakia.es\/ca\/curso\/monografico-de-experimentacion-con-la-acuarela-enero-2026\/","og_locale":"ca_ES","og_type":"article","og_title":"TALLER DE EXPERIMENTACI\u00d3N CON LA ACUARELA","og_description":"Taller inicial y experimental para dominar pigmento, agua y trazo. Incluye t\u00e9cnicas mixtas con pastel para desarrollar un estilo libre e intuitivo.","og_url":"https:\/\/fakia.es\/ca\/curso\/monografico-de-experimentacion-con-la-acuarela-enero-2026\/","og_site_name":"Fakia","article_modified_time":"2026-03-22T11:04:40+00:00","og_image":[{"width":1920,"height":2560,"url":"https:\/\/fakia.es\/wp-content\/uploads\/2025\/12\/fakia-acuarela-experimental-cursos-web-01-scaled.jpg","type":"image\/jpeg"}],"schema":{"@context":"https:\/\/schema.org","@graph":[{"@type":"WebPage","@id":"https:\/\/fakia.es\/curso\/taller-de-experimentacion-con-la-acuarela-abril-2026\/","url":"https:\/\/fakia.es\/curso\/monografico-de-experimentacion-con-la-acuarela-enero-2026\/","name":"TALLER DE EXPERIMENTACI\u00d3N CON LA ACUARELA","isPartOf":{"@id":"https:\/\/fakia.es\/#website"},"primaryImageOfPage":{"@id":"https:\/\/fakia.es\/curso\/monografico-de-experimentacion-con-la-acuarela-enero-2026\/#primaryimage"},"image":{"@id":"https:\/\/fakia.es\/curso\/monografico-de-experimentacion-con-la-acuarela-enero-2026\/#primaryimage"},"thumbnailUrl":"https:\/\/fakia.es\/wp-content\/uploads\/2025\/12\/fakia-acuarela-experimental-cursos-web-01-scaled.jpg","datePublished":"2025-12-05T18:44:20+00:00","dateModified":"2026-03-22T11:04:40+00:00","description":"Taller inicial y experimental para dominar pigmento, agua y trazo. Incluye t\u00e9cnicas mixtas con pastel para desarrollar un estilo libre e intuitivo.","breadcrumb":{"@id":"https:\/\/fakia.es\/curso\/monografico-de-experimentacion-con-la-acuarela-enero-2026\/#breadcrumb"},"inLanguage":"ca","potentialAction":[{"@type":"ReadAction","target":["https:\/\/fakia.es\/curso\/monografico-de-experimentacion-con-la-acuarela-enero-2026\/"]}]},{"@type":"ImageObject","inLanguage":"ca","@id":"https:\/\/fakia.es\/curso\/monografico-de-experimentacion-con-la-acuarela-enero-2026\/#primaryimage","url":"https:\/\/fakia.es\/wp-content\/uploads\/2025\/12\/fakia-acuarela-experimental-cursos-web-01-scaled.jpg","contentUrl":"https:\/\/fakia.es\/wp-content\/uploads\/2025\/12\/fakia-acuarela-experimental-cursos-web-01-scaled.jpg","width":1920,"height":2560},{"@type":"BreadcrumbList","@id":"https:\/\/fakia.es\/curso\/monografico-de-experimentacion-con-la-acuarela-enero-2026\/#breadcrumb","itemListElement":[{"@type":"ListItem","position":1,"name":"Portada","item":"https:\/\/fakia.es\/"},{"@type":"ListItem","position":2,"name":"cursos","item":"https:\/\/fakia.es\/shop\/"},{"@type":"ListItem","position":3,"name":"TALLER DE EXPERIMENTACI\u00d3N CON LA ACUARELA &#8211; ABRIL 2026"}]},{"@type":"WebSite","@id":"https:\/\/fakia.es\/#website","url":"https:\/\/fakia.es\/","name":"FAKIA","description":"Escuela de arte en Barcelona, talleres, cursos y monogr\u00e1ficos de artes pl\u00e1sticas.","publisher":{"@id":"https:\/\/fakia.es\/#organization"},"alternateName":"FAKIA ART","potentialAction":[{"@type":"SearchAction","target":{"@type":"EntryPoint","urlTemplate":"https:\/\/fakia.es\/?s={search_term_string}"},"query-input":{"@type":"PropertyValueSpecification","valueRequired":true,"valueName":"search_term_string"}}],"inLanguage":"ca"},{"@type":"Organization","@id":"https:\/\/fakia.es\/#organization","name":"FAKIA","alternateName":"Possible Films S.L.","url":"https:\/\/fakia.es\/","logo":{"@type":"ImageObject","inLanguage":"ca","@id":"https:\/\/fakia.es\/#\/schema\/logo\/image\/","url":"https:\/\/fakia.es\/wp-content\/uploads\/2025\/11\/Logo-Fakia.png","contentUrl":"https:\/\/fakia.es\/wp-content\/uploads\/2025\/11\/Logo-Fakia.png","width":800,"height":600,"caption":"FAKIA"},"image":{"@id":"https:\/\/fakia.es\/#\/schema\/logo\/image\/"}}]}},"_links":{"self":[{"href":"https:\/\/fakia.es\/ca\/wp-json\/wp\/v2\/product\/542","targetHints":{"allow":["GET"]}}],"collection":[{"href":"https:\/\/fakia.es\/ca\/wp-json\/wp\/v2\/product"}],"about":[{"href":"https:\/\/fakia.es\/ca\/wp-json\/wp\/v2\/types\/product"}],"wp:featuredmedia":[{"embeddable":true,"href":"https:\/\/fakia.es\/ca\/wp-json\/wp\/v2\/media\/685"}],"wp:attachment":[{"href":"https:\/\/fakia.es\/ca\/wp-json\/wp\/v2\/media?parent=542"}],"wp:term":[{"taxonomy":"product_brand","embeddable":true,"href":"https:\/\/fakia.es\/ca\/wp-json\/wp\/v2\/product_brand?post=542"},{"taxonomy":"product_cat","embeddable":true,"href":"https:\/\/fakia.es\/ca\/wp-json\/wp\/v2\/product_cat?post=542"},{"taxonomy":"product_tag","embeddable":true,"href":"https:\/\/fakia.es\/ca\/wp-json\/wp\/v2\/product_tag?post=542"},{"taxonomy":"giftcard-category","embeddable":true,"href":"https:\/\/fakia.es\/ca\/wp-json\/wp\/v2\/giftcard-category?post=542"}],"curies":[{"name":"wp","href":"https:\/\/api.w.org\/{rel}","templated":true}]}}