{"id":533,"date":"2025-12-05T17:25:22","date_gmt":"2025-12-05T17:25:22","guid":{"rendered":"https:\/\/fakia.es\/?post_type=product&#038;p=533"},"modified":"2026-03-22T11:51:43","modified_gmt":"2026-03-22T11:51:43","slug":"tarjeta-regalo-fakia-taller","status":"publish","type":"product","link":"https:\/\/fakia.es\/ca\/curso\/tarjeta-regalo-fakia-taller\/","title":{"rendered":"Tarjeta regalo FAKIA \u2013 1 Taller"},"content":{"rendered":"<h2><em>Sorpresa amb la creativitat.<\/em><\/h2>\n<p>Donar a qui vols accedir a un dels nostres tema de l'art i la creativitat.<br \/>\n<strong>No necesitas elegir el taller: la persona que recibe esta tarjeta podr\u00e1 canjearla por el taller que m\u00e1s le inspire.<\/strong><\/p>\n<p><strong>Que s'inclou en aquesta targeta regal?<\/strong><br \/>\n\u2013 Acceso completo a 1 taller<br \/>\n\u2013 No hi ha data fixa: vost\u00e8 ser\u00e0 capa\u00e7 de triar entre disponibles en el calendari<br \/>\n\u2013 Enviament per e-mail amb un missatge personalitzat<\/p>\n<p><strong>Termes d'\u00fas<\/strong><br \/>\n\u2013 Nom\u00e9s v\u00e0lida per a productes de tipus <strong>monogr\u00e0fic<\/strong><br \/>\n\u2013 Es poden bescanviar a la nostra botiga online, d'un temps<br \/>\n\u2013 No reemborsable, no acumulable<br \/>\n\u2013 Caducitat: 6 mesos des de la data de compra<\/p>","protected":false},"excerpt":{"rendered":"<ul>\n<li><strong>Regala experi\u00e8ncies creatives. Fuck IA!<\/strong><\/li>\n<li>Esta tarjeta es canjeable por cualquier taller disponible en nuestra escuela.<\/li>\n<\/ul>","protected":false},"featured_media":1161,"template":"","meta":{"_joinchat":[]},"product_brand":[],"product_cat":[26],"product_tag":[53],"giftcard-category":[44,43],"class_list":{"0":"post-533","1":"product","2":"type-product","3":"status-publish","4":"has-post-thumbnail","6":"product_cat-talleres","7":"product_tag-tarjetas-regalo-fakia","8":"giftcard-category-navidad-cat","9":"giftcard-category-navidad-es","11":"first","12":"instock","13":"virtual","14":"taxable","15":"purchasable","16":"product-type-gift-card"},"yoast_head":"<!-- This site is optimized with the Yoast SEO plugin v27.1.1 - https:\/\/yoast.com\/product\/yoast-seo-wordpress\/ -->\n<title>Tarjeta regalo FAKIA \u2013 1 Taller - Fakia<\/title>\n<meta name=\"robots\" content=\"index, follow, max-snippet:-1, max-image-preview:large, max-video-preview:-1\" \/>\n<link rel=\"canonical\" href=\"https:\/\/fakia.es\/ca\/curso\/tarjeta-regalo-fakia-taller\/\" \/>\n<meta property=\"og:locale\" content=\"ca_ES\" \/>\n<meta property=\"og:type\" content=\"article\" \/>\n<meta property=\"og:title\" content=\"Tarjeta regalo FAKIA \u2013 1 Taller - Fakia\" \/>\n<meta property=\"og:description\" content=\"Regala experiencias creativas. Fuck IA!  Esta tarjeta es canjeable por cualquier taller disponible en nuestra escuela.\" \/>\n<meta property=\"og:url\" content=\"https:\/\/fakia.es\/ca\/curso\/tarjeta-regalo-fakia-taller\/\" \/>\n<meta property=\"og:site_name\" content=\"Fakia\" \/>\n<meta property=\"article:modified_time\" content=\"2026-03-22T11:51:43+00:00\" \/>\n<meta property=\"og:image\" content=\"https:\/\/fakia.es\/wp-content\/uploads\/2025\/12\/Tarjeta-Regalo-Fakia-00001.jpg\" \/>\n\t<meta property=\"og:image:width\" content=\"1081\" \/>\n\t<meta property=\"og:image:height\" content=\"1081\" \/>\n\t<meta property=\"og:image:type\" content=\"image\/jpeg\" \/>\n<script type=\"application\/ld+json\" class=\"yoast-schema-graph\">{\"@context\":\"https:\/\/schema.org\",\"@graph\":[{\"@type\":\"WebPage\",\"@id\":\"https:\/\/fakia.es\/curso\/tarjeta-regalo-fakia-taller\/\",\"url\":\"https:\/\/fakia.es\/curso\/tarjeta-regalo-fakia-taller\/\",\"name\":\"Tarjeta regalo FAKIA \u2013 1 Taller - Fakia\",\"isPartOf\":{\"@id\":\"https:\/\/fakia.es\/#website\"},\"primaryImageOfPage\":{\"@id\":\"https:\/\/fakia.es\/curso\/tarjeta-regalo-fakia-taller\/#primaryimage\"},\"image\":{\"@id\":\"https:\/\/fakia.es\/curso\/tarjeta-regalo-fakia-taller\/#primaryimage\"},\"thumbnailUrl\":\"https:\/\/fakia.es\/wp-content\/uploads\/2025\/12\/Tarjeta-Regalo-Fakia-00001.jpg\",\"datePublished\":\"2025-12-05T17:25:22+00:00\",\"dateModified\":\"2026-03-22T11:51:43+00:00\",\"breadcrumb\":{\"@id\":\"https:\/\/fakia.es\/curso\/tarjeta-regalo-fakia-taller\/#breadcrumb\"},\"inLanguage\":\"ca\",\"potentialAction\":[{\"@type\":\"ReadAction\",\"target\":[\"https:\/\/fakia.es\/curso\/tarjeta-regalo-fakia-taller\/\"]}]},{\"@type\":\"ImageObject\",\"inLanguage\":\"ca\",\"@id\":\"https:\/\/fakia.es\/curso\/tarjeta-regalo-fakia-taller\/#primaryimage\",\"url\":\"https:\/\/fakia.es\/wp-content\/uploads\/2025\/12\/Tarjeta-Regalo-Fakia-00001.jpg\",\"contentUrl\":\"https:\/\/fakia.es\/wp-content\/uploads\/2025\/12\/Tarjeta-Regalo-Fakia-00001.jpg\",\"width\":1081,\"height\":1081},{\"@type\":\"BreadcrumbList\",\"@id\":\"https:\/\/fakia.es\/curso\/tarjeta-regalo-fakia-taller\/#breadcrumb\",\"itemListElement\":[{\"@type\":\"ListItem\",\"position\":1,\"name\":\"Portada\",\"item\":\"https:\/\/fakia.es\/\"},{\"@type\":\"ListItem\",\"position\":2,\"name\":\"cursos\",\"item\":\"https:\/\/fakia.es\/shop\/\"},{\"@type\":\"ListItem\",\"position\":3,\"name\":\"Tarjeta regalo FAKIA \u2013 1 Taller\"}]},{\"@type\":\"WebSite\",\"@id\":\"https:\/\/fakia.es\/#website\",\"url\":\"https:\/\/fakia.es\/\",\"name\":\"FAKIA\",\"description\":\"Escuela de arte en Barcelona, talleres, cursos y monogr\u00e1ficos de artes pl\u00e1sticas.\",\"publisher\":{\"@id\":\"https:\/\/fakia.es\/#organization\"},\"alternateName\":\"FAKIA ART\",\"potentialAction\":[{\"@type\":\"SearchAction\",\"target\":{\"@type\":\"EntryPoint\",\"urlTemplate\":\"https:\/\/fakia.es\/?s={search_term_string}\"},\"query-input\":{\"@type\":\"PropertyValueSpecification\",\"valueRequired\":true,\"valueName\":\"search_term_string\"}}],\"inLanguage\":\"ca\"},{\"@type\":\"Organization\",\"@id\":\"https:\/\/fakia.es\/#organization\",\"name\":\"FAKIA\",\"alternateName\":\"Possible Films S.L.\",\"url\":\"https:\/\/fakia.es\/\",\"logo\":{\"@type\":\"ImageObject\",\"inLanguage\":\"ca\",\"@id\":\"https:\/\/fakia.es\/#\/schema\/logo\/image\/\",\"url\":\"https:\/\/fakia.es\/wp-content\/uploads\/2025\/11\/Logo-Fakia.png\",\"contentUrl\":\"https:\/\/fakia.es\/wp-content\/uploads\/2025\/11\/Logo-Fakia.png\",\"width\":800,\"height\":600,\"caption\":\"FAKIA\"},\"image\":{\"@id\":\"https:\/\/fakia.es\/#\/schema\/logo\/image\/\"}}]}<\/script>\n<!-- \/ Yoast SEO plugin. -->","yoast_head_json":{"title":"Tarjeta regalo FAKIA \u2013 1 Taller - Fakia","robots":{"index":"index","follow":"follow","max-snippet":"max-snippet:-1","max-image-preview":"max-image-preview:large","max-video-preview":"max-video-preview:-1"},"canonical":"https:\/\/fakia.es\/ca\/curso\/tarjeta-regalo-fakia-taller\/","og_locale":"ca_ES","og_type":"article","og_title":"Tarjeta regalo FAKIA \u2013 1 Taller - Fakia","og_description":"Regala experiencias creativas. Fuck IA!  Esta tarjeta es canjeable por cualquier taller disponible en nuestra escuela.","og_url":"https:\/\/fakia.es\/ca\/curso\/tarjeta-regalo-fakia-taller\/","og_site_name":"Fakia","article_modified_time":"2026-03-22T11:51:43+00:00","og_image":[{"width":1081,"height":1081,"url":"https:\/\/fakia.es\/wp-content\/uploads\/2025\/12\/Tarjeta-Regalo-Fakia-00001.jpg","type":"image\/jpeg"}],"schema":{"@context":"https:\/\/schema.org","@graph":[{"@type":"WebPage","@id":"https:\/\/fakia.es\/curso\/tarjeta-regalo-fakia-taller\/","url":"https:\/\/fakia.es\/curso\/tarjeta-regalo-fakia-taller\/","name":"Tarjeta regalo FAKIA \u2013 1 Taller - Fakia","isPartOf":{"@id":"https:\/\/fakia.es\/#website"},"primaryImageOfPage":{"@id":"https:\/\/fakia.es\/curso\/tarjeta-regalo-fakia-taller\/#primaryimage"},"image":{"@id":"https:\/\/fakia.es\/curso\/tarjeta-regalo-fakia-taller\/#primaryimage"},"thumbnailUrl":"https:\/\/fakia.es\/wp-content\/uploads\/2025\/12\/Tarjeta-Regalo-Fakia-00001.jpg","datePublished":"2025-12-05T17:25:22+00:00","dateModified":"2026-03-22T11:51:43+00:00","breadcrumb":{"@id":"https:\/\/fakia.es\/curso\/tarjeta-regalo-fakia-taller\/#breadcrumb"},"inLanguage":"ca","potentialAction":[{"@type":"ReadAction","target":["https:\/\/fakia.es\/curso\/tarjeta-regalo-fakia-taller\/"]}]},{"@type":"ImageObject","inLanguage":"ca","@id":"https:\/\/fakia.es\/curso\/tarjeta-regalo-fakia-taller\/#primaryimage","url":"https:\/\/fakia.es\/wp-content\/uploads\/2025\/12\/Tarjeta-Regalo-Fakia-00001.jpg","contentUrl":"https:\/\/fakia.es\/wp-content\/uploads\/2025\/12\/Tarjeta-Regalo-Fakia-00001.jpg","width":1081,"height":1081},{"@type":"BreadcrumbList","@id":"https:\/\/fakia.es\/curso\/tarjeta-regalo-fakia-taller\/#breadcrumb","itemListElement":[{"@type":"ListItem","position":1,"name":"Portada","item":"https:\/\/fakia.es\/"},{"@type":"ListItem","position":2,"name":"cursos","item":"https:\/\/fakia.es\/shop\/"},{"@type":"ListItem","position":3,"name":"Tarjeta regalo FAKIA \u2013 1 Taller"}]},{"@type":"WebSite","@id":"https:\/\/fakia.es\/#website","url":"https:\/\/fakia.es\/","name":"FAKIA","description":"Escuela de arte en Barcelona, talleres, cursos y monogr\u00e1ficos de artes pl\u00e1sticas.","publisher":{"@id":"https:\/\/fakia.es\/#organization"},"alternateName":"FAKIA ART","potentialAction":[{"@type":"SearchAction","target":{"@type":"EntryPoint","urlTemplate":"https:\/\/fakia.es\/?s={search_term_string}"},"query-input":{"@type":"PropertyValueSpecification","valueRequired":true,"valueName":"search_term_string"}}],"inLanguage":"ca"},{"@type":"Organization","@id":"https:\/\/fakia.es\/#organization","name":"FAKIA","alternateName":"Possible Films S.L.","url":"https:\/\/fakia.es\/","logo":{"@type":"ImageObject","inLanguage":"ca","@id":"https:\/\/fakia.es\/#\/schema\/logo\/image\/","url":"https:\/\/fakia.es\/wp-content\/uploads\/2025\/11\/Logo-Fakia.png","contentUrl":"https:\/\/fakia.es\/wp-content\/uploads\/2025\/11\/Logo-Fakia.png","width":800,"height":600,"caption":"FAKIA"},"image":{"@id":"https:\/\/fakia.es\/#\/schema\/logo\/image\/"}}]}},"_links":{"self":[{"href":"https:\/\/fakia.es\/ca\/wp-json\/wp\/v2\/product\/533","targetHints":{"allow":["GET"]}}],"collection":[{"href":"https:\/\/fakia.es\/ca\/wp-json\/wp\/v2\/product"}],"about":[{"href":"https:\/\/fakia.es\/ca\/wp-json\/wp\/v2\/types\/product"}],"wp:featuredmedia":[{"embeddable":true,"href":"https:\/\/fakia.es\/ca\/wp-json\/wp\/v2\/media\/1161"}],"wp:attachment":[{"href":"https:\/\/fakia.es\/ca\/wp-json\/wp\/v2\/media?parent=533"}],"wp:term":[{"taxonomy":"product_brand","embeddable":true,"href":"https:\/\/fakia.es\/ca\/wp-json\/wp\/v2\/product_brand?post=533"},{"taxonomy":"product_cat","embeddable":true,"href":"https:\/\/fakia.es\/ca\/wp-json\/wp\/v2\/product_cat?post=533"},{"taxonomy":"product_tag","embeddable":true,"href":"https:\/\/fakia.es\/ca\/wp-json\/wp\/v2\/product_tag?post=533"},{"taxonomy":"giftcard-category","embeddable":true,"href":"https:\/\/fakia.es\/ca\/wp-json\/wp\/v2\/giftcard-category?post=533"}],"curies":[{"name":"wp","href":"https:\/\/api.w.org\/{rel}","templated":true}]}}