{"id":1674,"date":"2026-03-22T11:12:14","date_gmt":"2026-03-22T11:12:14","guid":{"rendered":"https:\/\/fakia.es\/?post_type=product&#038;p=1674"},"modified":"2026-03-22T11:37:49","modified_gmt":"2026-03-22T11:37:49","slug":"taller-de-dibujo-con-tecnicas-mixtas-abril-2026","status":"publish","type":"product","link":"https:\/\/fakia.es\/ca\/curso\/taller-de-dibujo-con-tecnicas-mixtas-abril-2026\/","title":{"rendered":"TALLER DE DIBUJO CON T\u00c9CNICAS MIXTAS &#8211; ABRIL 2026"},"content":{"rendered":"<h2>TALLER DE DIBUJO CON T\u00c9CNICAS MIXTAS &#8211; ABRIL 2026<\/h2>\n<p><strong>Data i horari: <\/strong>Viernes 17 de abril, de 17:00 a 20:00<\/p>\n<p><strong>Professora: <\/strong>\u00darsula Uriach<\/p>\n<p>Explicaci\u00f3:<\/p>\n<p>Un monogr\u00e1fico donde disfrutaremos de la pr\u00e1ctica del dibujo mientras la complementamos con otras t\u00e9cnicas como el acr\u00edlico, la tinta china y los pasteles de colores. Se puede presentar cualquiera, no hace falta tener experiencia.<\/p>","protected":false},"excerpt":{"rendered":"<ul>\n<li><strong>Data i horari: <\/strong>Viernes 17 de abril, de 17:00 a 20:00<\/li>\n<li><strong>Professora: <\/strong>\u00darsula Uriach<\/li>\n<\/ul>\n<p>Sesi\u00f3n de dibujo complementado con otras t\u00e9cnicas como el acr\u00edlico, la tinta china y los pasteles de colores<\/p>","protected":false},"featured_media":1676,"template":"","meta":{"_joinchat":[]},"product_brand":[],"product_cat":[26],"product_tag":[],"giftcard-category":[],"class_list":{"0":"post-1674","1":"product","2":"type-product","3":"status-publish","4":"has-post-thumbnail","6":"product_cat-talleres","8":"first","9":"instock","10":"virtual","11":"taxable","12":"purchasable","13":"product-type-simple"},"yoast_head":"<!-- This site is optimized with the Yoast SEO plugin v27.1.1 - https:\/\/yoast.com\/product\/yoast-seo-wordpress\/ -->\n<title>TALLER DE DIBUJO CON T\u00c9CNICAS MIXTAS<\/title>\n<meta name=\"description\" content=\"Sesi\u00f3n de dibujo al natural para practicar encaje, luz y volumen con modelo. Ideal para todos los niveles.\" \/>\n<meta name=\"robots\" content=\"index, follow, max-snippet:-1, max-image-preview:large, max-video-preview:-1\" \/>\n<link rel=\"canonical\" href=\"https:\/\/fakia.es\/ca\/curso\/monografico-de-dibujo-con-modelo-al-natural-febrero-2026\/\" \/>\n<meta property=\"og:locale\" content=\"ca_ES\" \/>\n<meta property=\"og:type\" content=\"article\" \/>\n<meta property=\"og:title\" content=\"TALLER DE DIBUJO CON T\u00c9CNICAS MIXTAS\" \/>\n<meta property=\"og:description\" content=\"Sesi\u00f3n de dibujo al natural para practicar encaje, luz y volumen con modelo. Ideal para todos los niveles.\" \/>\n<meta property=\"og:url\" content=\"https:\/\/fakia.es\/ca\/curso\/monografico-de-dibujo-con-modelo-al-natural-febrero-2026\/\" \/>\n<meta property=\"og:site_name\" content=\"Fakia\" \/>\n<meta property=\"article:modified_time\" content=\"2026-03-22T11:37:49+00:00\" \/>\n<meta property=\"og:image\" content=\"https:\/\/fakia.es\/wp-content\/uploads\/2026\/03\/fakia-acuarela-tecnicas-mixtas-scaled.jpg\" \/>\n\t<meta property=\"og:image:width\" content=\"2560\" \/>\n\t<meta property=\"og:image:height\" content=\"1440\" \/>\n\t<meta property=\"og:image:type\" content=\"image\/jpeg\" \/>\n<script type=\"application\/ld+json\" class=\"yoast-schema-graph\">{\"@context\":\"https:\/\/schema.org\",\"@graph\":[{\"@type\":\"WebPage\",\"@id\":\"https:\/\/fakia.es\/curso\/taller-de-dibujo-con-tecnicas-mixtas-abril-2026\/\",\"url\":\"https:\/\/fakia.es\/curso\/monografico-de-dibujo-con-modelo-al-natural-febrero-2026\/\",\"name\":\"TALLER DE DIBUJO CON T\u00c9CNICAS MIXTAS\",\"isPartOf\":{\"@id\":\"https:\/\/fakia.es\/#website\"},\"primaryImageOfPage\":{\"@id\":\"https:\/\/fakia.es\/curso\/monografico-de-dibujo-con-modelo-al-natural-febrero-2026\/#primaryimage\"},\"image\":{\"@id\":\"https:\/\/fakia.es\/curso\/monografico-de-dibujo-con-modelo-al-natural-febrero-2026\/#primaryimage\"},\"thumbnailUrl\":\"https:\/\/fakia.es\/wp-content\/uploads\/2026\/03\/fakia-acuarela-tecnicas-mixtas-scaled.jpg\",\"datePublished\":\"2026-03-22T11:12:14+00:00\",\"dateModified\":\"2026-03-22T11:37:49+00:00\",\"description\":\"Sesi\u00f3n de dibujo al natural para practicar encaje, luz y volumen con modelo. Ideal para todos los niveles.\",\"breadcrumb\":{\"@id\":\"https:\/\/fakia.es\/curso\/monografico-de-dibujo-con-modelo-al-natural-febrero-2026\/#breadcrumb\"},\"inLanguage\":\"ca\",\"potentialAction\":[{\"@type\":\"ReadAction\",\"target\":[\"https:\/\/fakia.es\/curso\/monografico-de-dibujo-con-modelo-al-natural-febrero-2026\/\"]}]},{\"@type\":\"ImageObject\",\"inLanguage\":\"ca\",\"@id\":\"https:\/\/fakia.es\/curso\/monografico-de-dibujo-con-modelo-al-natural-febrero-2026\/#primaryimage\",\"url\":\"https:\/\/fakia.es\/wp-content\/uploads\/2026\/03\/fakia-acuarela-tecnicas-mixtas-scaled.jpg\",\"contentUrl\":\"https:\/\/fakia.es\/wp-content\/uploads\/2026\/03\/fakia-acuarela-tecnicas-mixtas-scaled.jpg\",\"width\":2560,\"height\":1440},{\"@type\":\"BreadcrumbList\",\"@id\":\"https:\/\/fakia.es\/curso\/monografico-de-dibujo-con-modelo-al-natural-febrero-2026\/#breadcrumb\",\"itemListElement\":[{\"@type\":\"ListItem\",\"position\":1,\"name\":\"Portada\",\"item\":\"https:\/\/fakia.es\/\"},{\"@type\":\"ListItem\",\"position\":2,\"name\":\"cursos\",\"item\":\"https:\/\/fakia.es\/shop\/\"},{\"@type\":\"ListItem\",\"position\":3,\"name\":\"TALLER DE DIBUJO CON T\u00c9CNICAS MIXTAS &#8211; ABRIL 2026\"}]},{\"@type\":\"WebSite\",\"@id\":\"https:\/\/fakia.es\/#website\",\"url\":\"https:\/\/fakia.es\/\",\"name\":\"FAKIA\",\"description\":\"Escuela de arte en Barcelona, talleres, cursos y monogr\u00e1ficos de artes pl\u00e1sticas.\",\"publisher\":{\"@id\":\"https:\/\/fakia.es\/#organization\"},\"alternateName\":\"FAKIA ART\",\"potentialAction\":[{\"@type\":\"SearchAction\",\"target\":{\"@type\":\"EntryPoint\",\"urlTemplate\":\"https:\/\/fakia.es\/?s={search_term_string}\"},\"query-input\":{\"@type\":\"PropertyValueSpecification\",\"valueRequired\":true,\"valueName\":\"search_term_string\"}}],\"inLanguage\":\"ca\"},{\"@type\":\"Organization\",\"@id\":\"https:\/\/fakia.es\/#organization\",\"name\":\"FAKIA\",\"alternateName\":\"Possible Films S.L.\",\"url\":\"https:\/\/fakia.es\/\",\"logo\":{\"@type\":\"ImageObject\",\"inLanguage\":\"ca\",\"@id\":\"https:\/\/fakia.es\/#\/schema\/logo\/image\/\",\"url\":\"https:\/\/fakia.es\/wp-content\/uploads\/2025\/11\/Logo-Fakia.png\",\"contentUrl\":\"https:\/\/fakia.es\/wp-content\/uploads\/2025\/11\/Logo-Fakia.png\",\"width\":800,\"height\":600,\"caption\":\"FAKIA\"},\"image\":{\"@id\":\"https:\/\/fakia.es\/#\/schema\/logo\/image\/\"}}]}<\/script>\n<!-- \/ Yoast SEO plugin. -->","yoast_head_json":{"title":"TALLER DE DIBUJO CON T\u00c9CNICAS MIXTAS","description":"Sesi\u00f3n de dibujo al natural para practicar encaje, luz y volumen con modelo. Ideal para todos los niveles.","robots":{"index":"index","follow":"follow","max-snippet":"max-snippet:-1","max-image-preview":"max-image-preview:large","max-video-preview":"max-video-preview:-1"},"canonical":"https:\/\/fakia.es\/ca\/curso\/monografico-de-dibujo-con-modelo-al-natural-febrero-2026\/","og_locale":"ca_ES","og_type":"article","og_title":"TALLER DE DIBUJO CON T\u00c9CNICAS MIXTAS","og_description":"Sesi\u00f3n de dibujo al natural para practicar encaje, luz y volumen con modelo. Ideal para todos los niveles.","og_url":"https:\/\/fakia.es\/ca\/curso\/monografico-de-dibujo-con-modelo-al-natural-febrero-2026\/","og_site_name":"Fakia","article_modified_time":"2026-03-22T11:37:49+00:00","og_image":[{"width":2560,"height":1440,"url":"https:\/\/fakia.es\/wp-content\/uploads\/2026\/03\/fakia-acuarela-tecnicas-mixtas-scaled.jpg","type":"image\/jpeg"}],"schema":{"@context":"https:\/\/schema.org","@graph":[{"@type":"WebPage","@id":"https:\/\/fakia.es\/curso\/taller-de-dibujo-con-tecnicas-mixtas-abril-2026\/","url":"https:\/\/fakia.es\/curso\/monografico-de-dibujo-con-modelo-al-natural-febrero-2026\/","name":"TALLER DE DIBUJO CON T\u00c9CNICAS MIXTAS","isPartOf":{"@id":"https:\/\/fakia.es\/#website"},"primaryImageOfPage":{"@id":"https:\/\/fakia.es\/curso\/monografico-de-dibujo-con-modelo-al-natural-febrero-2026\/#primaryimage"},"image":{"@id":"https:\/\/fakia.es\/curso\/monografico-de-dibujo-con-modelo-al-natural-febrero-2026\/#primaryimage"},"thumbnailUrl":"https:\/\/fakia.es\/wp-content\/uploads\/2026\/03\/fakia-acuarela-tecnicas-mixtas-scaled.jpg","datePublished":"2026-03-22T11:12:14+00:00","dateModified":"2026-03-22T11:37:49+00:00","description":"Sesi\u00f3n de dibujo al natural para practicar encaje, luz y volumen con modelo. Ideal para todos los niveles.","breadcrumb":{"@id":"https:\/\/fakia.es\/curso\/monografico-de-dibujo-con-modelo-al-natural-febrero-2026\/#breadcrumb"},"inLanguage":"ca","potentialAction":[{"@type":"ReadAction","target":["https:\/\/fakia.es\/curso\/monografico-de-dibujo-con-modelo-al-natural-febrero-2026\/"]}]},{"@type":"ImageObject","inLanguage":"ca","@id":"https:\/\/fakia.es\/curso\/monografico-de-dibujo-con-modelo-al-natural-febrero-2026\/#primaryimage","url":"https:\/\/fakia.es\/wp-content\/uploads\/2026\/03\/fakia-acuarela-tecnicas-mixtas-scaled.jpg","contentUrl":"https:\/\/fakia.es\/wp-content\/uploads\/2026\/03\/fakia-acuarela-tecnicas-mixtas-scaled.jpg","width":2560,"height":1440},{"@type":"BreadcrumbList","@id":"https:\/\/fakia.es\/curso\/monografico-de-dibujo-con-modelo-al-natural-febrero-2026\/#breadcrumb","itemListElement":[{"@type":"ListItem","position":1,"name":"Portada","item":"https:\/\/fakia.es\/"},{"@type":"ListItem","position":2,"name":"cursos","item":"https:\/\/fakia.es\/shop\/"},{"@type":"ListItem","position":3,"name":"TALLER DE DIBUJO CON T\u00c9CNICAS MIXTAS &#8211; ABRIL 2026"}]},{"@type":"WebSite","@id":"https:\/\/fakia.es\/#website","url":"https:\/\/fakia.es\/","name":"FAKIA","description":"Escuela de arte en Barcelona, talleres, cursos y monogr\u00e1ficos de artes pl\u00e1sticas.","publisher":{"@id":"https:\/\/fakia.es\/#organization"},"alternateName":"FAKIA ART","potentialAction":[{"@type":"SearchAction","target":{"@type":"EntryPoint","urlTemplate":"https:\/\/fakia.es\/?s={search_term_string}"},"query-input":{"@type":"PropertyValueSpecification","valueRequired":true,"valueName":"search_term_string"}}],"inLanguage":"ca"},{"@type":"Organization","@id":"https:\/\/fakia.es\/#organization","name":"FAKIA","alternateName":"Possible Films S.L.","url":"https:\/\/fakia.es\/","logo":{"@type":"ImageObject","inLanguage":"ca","@id":"https:\/\/fakia.es\/#\/schema\/logo\/image\/","url":"https:\/\/fakia.es\/wp-content\/uploads\/2025\/11\/Logo-Fakia.png","contentUrl":"https:\/\/fakia.es\/wp-content\/uploads\/2025\/11\/Logo-Fakia.png","width":800,"height":600,"caption":"FAKIA"},"image":{"@id":"https:\/\/fakia.es\/#\/schema\/logo\/image\/"}}]}},"_links":{"self":[{"href":"https:\/\/fakia.es\/ca\/wp-json\/wp\/v2\/product\/1674","targetHints":{"allow":["GET"]}}],"collection":[{"href":"https:\/\/fakia.es\/ca\/wp-json\/wp\/v2\/product"}],"about":[{"href":"https:\/\/fakia.es\/ca\/wp-json\/wp\/v2\/types\/product"}],"wp:featuredmedia":[{"embeddable":true,"href":"https:\/\/fakia.es\/ca\/wp-json\/wp\/v2\/media\/1676"}],"wp:attachment":[{"href":"https:\/\/fakia.es\/ca\/wp-json\/wp\/v2\/media?parent=1674"}],"wp:term":[{"taxonomy":"product_brand","embeddable":true,"href":"https:\/\/fakia.es\/ca\/wp-json\/wp\/v2\/product_brand?post=1674"},{"taxonomy":"product_cat","embeddable":true,"href":"https:\/\/fakia.es\/ca\/wp-json\/wp\/v2\/product_cat?post=1674"},{"taxonomy":"product_tag","embeddable":true,"href":"https:\/\/fakia.es\/ca\/wp-json\/wp\/v2\/product_tag?post=1674"},{"taxonomy":"giftcard-category","embeddable":true,"href":"https:\/\/fakia.es\/ca\/wp-json\/wp\/v2\/giftcard-category?post=1674"}],"curies":[{"name":"wp","href":"https:\/\/api.w.org\/{rel}","templated":true}]}}