{"id":1486,"date":"2025-12-12T18:43:01","date_gmt":"2025-12-12T18:43:01","guid":{"rendered":"https:\/\/fakia.es\/?post_type=product&#038;p=1486"},"modified":"2026-01-25T19:24:35","modified_gmt":"2026-01-25T19:24:35","slug":"curso-de-2-horas-semanales-de-tecnicas-mixtas-de-febrero-a-junio-2025-matricula","status":"publish","type":"product","link":"https:\/\/fakia.es\/ca\/curso\/curso-de-2-horas-semanales-de-tecnicas-mixtas-de-febrero-a-junio-2025-matricula\/","title":{"rendered":"CURSO DE T\u00c9CNICAS MIXTAS &#8211; FEBRERO 2026 (matr\u00edcula)"},"content":{"rendered":"<h2>CURS DE 2 HORES SETMANALS DE DIBUIX AMB T\u00c8CNIQUES MIXTES<\/h2>\n<p><strong>Dia i horari <\/strong>Dijous de 18:00 a 20:00<\/p>\n<p><strong>Professor: <\/strong>Agust\u00edn Santoyo<\/p>\n<p>Aquest curs de llarg recorregut est\u00e0 pensat per a qui vol explorar l\u2019art a partir de la barreja de llenguatges: dibuix, pintura, collage, gravat senzill, tinta i materials diversos. Cada sessi\u00f3 se centra en un proc\u00e9s diferent per ampliar eines, descobrir noves maneres de construir imatges i entendre com dialoguen entre si els diferents mitjans.<\/p>\n<p>L\u2019objectiu \u00e9s generar obres riques en textura, capes i expressivitat, gaudint de l\u2019experimentaci\u00f3 i de l\u2019\u00fas lliure dels materials. \u00c9s un curs ideal per a qui vol aprofundir en les t\u00e8cniques mixtes, guanyar soltura i desenvolupar un estil personal dins d\u2019un acompanyament continuat.<\/p>\n<p><strong>Material no incl\u00f2s. Aquest curs \u00e9s mensual. Durada opcional fins al juny (incl\u00f2s).<\/strong><\/p>","protected":false},"excerpt":{"rendered":"<ul>\n<li><strong>Dia i horari <\/strong>Jueves de 18:30 a 20:30<\/li>\n<li><strong>Professor: <\/strong>Agust\u00edn Santoyo<\/li>\n<\/ul>\n<p>Explora i combina dibuix, pintura i altres mitjans per crear obres expressives i desenvolupar el teu propi estil. <em>Material no incluido. Este curso es mensual. Duraci\u00f3n opcional hasta junio (incluido). 100\u20ac\/mes + 20\u20ac matr\u00edcula<\/em><\/p>","protected":false},"featured_media":1497,"template":"","meta":{"_joinchat":[]},"product_brand":[],"product_cat":[25],"product_tag":[],"giftcard-category":[],"class_list":{"0":"post-1486","1":"product","2":"type-product","3":"status-publish","4":"has-post-thumbnail","6":"product_cat-cursos-regulares","8":"first","9":"instock","10":"virtual","11":"sold-individually","12":"taxable","13":"purchasable","14":"product-type-simple"},"yoast_head":"<!-- This site is optimized with the Yoast SEO plugin v27.1.1 - https:\/\/yoast.com\/product\/yoast-seo-wordpress\/ -->\n<title>CURSO DE 2 HORAS SEMANALES DE T\u00c9CNICAS MIXTAS<\/title>\n<meta name=\"description\" content=\"Explora el arte desde la mezcla de lenguajes: dibujo, pintura, collage, tinta y otros materiales en un proceso creativo continuo.\" \/>\n<meta name=\"robots\" content=\"index, follow, max-snippet:-1, max-image-preview:large, max-video-preview:-1\" \/>\n<link rel=\"canonical\" href=\"https:\/\/fakia.es\/ca\/curso\/curso-de-2-horas-semanales-de-dibujo-con-tecnicas-mixtas-de-febrero-a-junio-2025-matricula\/\" \/>\n<meta property=\"og:locale\" content=\"ca_ES\" \/>\n<meta property=\"og:type\" content=\"article\" \/>\n<meta property=\"og:title\" content=\"CURSO DE 2 HORAS SEMANALES DE T\u00c9CNICAS MIXTAS\" \/>\n<meta property=\"og:description\" content=\"Explora el arte desde la mezcla de lenguajes: dibujo, pintura, collage, tinta y otros materiales en un proceso creativo continuo.\" \/>\n<meta property=\"og:url\" content=\"https:\/\/fakia.es\/ca\/curso\/curso-de-2-horas-semanales-de-dibujo-con-tecnicas-mixtas-de-febrero-a-junio-2025-matricula\/\" \/>\n<meta property=\"og:site_name\" content=\"Fakia\" \/>\n<meta property=\"article:modified_time\" content=\"2026-01-25T19:24:35+00:00\" \/>\n<meta property=\"og:image\" content=\"https:\/\/fakia.es\/wp-content\/uploads\/2025\/12\/fakia-tecnicas-mixtas-cursos-web-1-scaled.jpeg\" \/>\n\t<meta property=\"og:image:width\" content=\"2560\" \/>\n\t<meta property=\"og:image:height\" content=\"1920\" \/>\n\t<meta property=\"og:image:type\" content=\"image\/jpeg\" \/>\n<script type=\"application\/ld+json\" class=\"yoast-schema-graph\">{\"@context\":\"https:\/\/schema.org\",\"@graph\":[{\"@type\":\"WebPage\",\"@id\":\"https:\/\/fakia.es\/curso\/curso-de-2-horas-semanales-de-tecnicas-mixtas-de-febrero-a-junio-2025-matricula\/\",\"url\":\"https:\/\/fakia.es\/curso\/curso-de-2-horas-semanales-de-dibujo-con-tecnicas-mixtas-de-febrero-a-junio-2025-matricula\/\",\"name\":\"CURSO DE 2 HORAS SEMANALES DE T\u00c9CNICAS MIXTAS\",\"isPartOf\":{\"@id\":\"https:\/\/fakia.es\/#website\"},\"primaryImageOfPage\":{\"@id\":\"https:\/\/fakia.es\/curso\/curso-de-2-horas-semanales-de-dibujo-con-tecnicas-mixtas-de-febrero-a-junio-2025-matricula\/#primaryimage\"},\"image\":{\"@id\":\"https:\/\/fakia.es\/curso\/curso-de-2-horas-semanales-de-dibujo-con-tecnicas-mixtas-de-febrero-a-junio-2025-matricula\/#primaryimage\"},\"thumbnailUrl\":\"https:\/\/fakia.es\/wp-content\/uploads\/2025\/12\/fakia-tecnicas-mixtas-cursos-web-1-scaled.jpeg\",\"datePublished\":\"2025-12-12T18:43:01+00:00\",\"dateModified\":\"2026-01-25T19:24:35+00:00\",\"description\":\"Explora el arte desde la mezcla de lenguajes: dibujo, pintura, collage, tinta y otros materiales en un proceso creativo continuo.\",\"breadcrumb\":{\"@id\":\"https:\/\/fakia.es\/curso\/curso-de-2-horas-semanales-de-dibujo-con-tecnicas-mixtas-de-febrero-a-junio-2025-matricula\/#breadcrumb\"},\"inLanguage\":\"ca\",\"potentialAction\":[{\"@type\":\"ReadAction\",\"target\":[\"https:\/\/fakia.es\/curso\/curso-de-2-horas-semanales-de-dibujo-con-tecnicas-mixtas-de-febrero-a-junio-2025-matricula\/\"]}]},{\"@type\":\"ImageObject\",\"inLanguage\":\"ca\",\"@id\":\"https:\/\/fakia.es\/curso\/curso-de-2-horas-semanales-de-dibujo-con-tecnicas-mixtas-de-febrero-a-junio-2025-matricula\/#primaryimage\",\"url\":\"https:\/\/fakia.es\/wp-content\/uploads\/2025\/12\/fakia-tecnicas-mixtas-cursos-web-1-scaled.jpeg\",\"contentUrl\":\"https:\/\/fakia.es\/wp-content\/uploads\/2025\/12\/fakia-tecnicas-mixtas-cursos-web-1-scaled.jpeg\",\"width\":2560,\"height\":1920},{\"@type\":\"BreadcrumbList\",\"@id\":\"https:\/\/fakia.es\/curso\/curso-de-2-horas-semanales-de-dibujo-con-tecnicas-mixtas-de-febrero-a-junio-2025-matricula\/#breadcrumb\",\"itemListElement\":[{\"@type\":\"ListItem\",\"position\":1,\"name\":\"Portada\",\"item\":\"https:\/\/fakia.es\/\"},{\"@type\":\"ListItem\",\"position\":2,\"name\":\"cursos\",\"item\":\"https:\/\/fakia.es\/shop\/\"},{\"@type\":\"ListItem\",\"position\":3,\"name\":\"CURSO DE T\u00c9CNICAS MIXTAS &#8211; FEBRERO 2026 (matr\u00edcula)\"}]},{\"@type\":\"WebSite\",\"@id\":\"https:\/\/fakia.es\/#website\",\"url\":\"https:\/\/fakia.es\/\",\"name\":\"FAKIA\",\"description\":\"Escuela de arte en Barcelona, talleres, cursos y monogr\u00e1ficos de artes pl\u00e1sticas.\",\"publisher\":{\"@id\":\"https:\/\/fakia.es\/#organization\"},\"alternateName\":\"FAKIA ART\",\"potentialAction\":[{\"@type\":\"SearchAction\",\"target\":{\"@type\":\"EntryPoint\",\"urlTemplate\":\"https:\/\/fakia.es\/?s={search_term_string}\"},\"query-input\":{\"@type\":\"PropertyValueSpecification\",\"valueRequired\":true,\"valueName\":\"search_term_string\"}}],\"inLanguage\":\"ca\"},{\"@type\":\"Organization\",\"@id\":\"https:\/\/fakia.es\/#organization\",\"name\":\"FAKIA\",\"alternateName\":\"Possible Films S.L.\",\"url\":\"https:\/\/fakia.es\/\",\"logo\":{\"@type\":\"ImageObject\",\"inLanguage\":\"ca\",\"@id\":\"https:\/\/fakia.es\/#\/schema\/logo\/image\/\",\"url\":\"https:\/\/fakia.es\/wp-content\/uploads\/2025\/11\/Logo-Fakia.png\",\"contentUrl\":\"https:\/\/fakia.es\/wp-content\/uploads\/2025\/11\/Logo-Fakia.png\",\"width\":800,\"height\":600,\"caption\":\"FAKIA\"},\"image\":{\"@id\":\"https:\/\/fakia.es\/#\/schema\/logo\/image\/\"}}]}<\/script>\n<!-- \/ Yoast SEO plugin. -->","yoast_head_json":{"title":"CURSO DE 2 HORAS SEMANALES DE T\u00c9CNICAS MIXTAS","description":"Explora el arte desde la mezcla de lenguajes: dibujo, pintura, collage, tinta y otros materiales en un proceso creativo continuo.","robots":{"index":"index","follow":"follow","max-snippet":"max-snippet:-1","max-image-preview":"max-image-preview:large","max-video-preview":"max-video-preview:-1"},"canonical":"https:\/\/fakia.es\/ca\/curso\/curso-de-2-horas-semanales-de-dibujo-con-tecnicas-mixtas-de-febrero-a-junio-2025-matricula\/","og_locale":"ca_ES","og_type":"article","og_title":"CURSO DE 2 HORAS SEMANALES DE T\u00c9CNICAS MIXTAS","og_description":"Explora el arte desde la mezcla de lenguajes: dibujo, pintura, collage, tinta y otros materiales en un proceso creativo continuo.","og_url":"https:\/\/fakia.es\/ca\/curso\/curso-de-2-horas-semanales-de-dibujo-con-tecnicas-mixtas-de-febrero-a-junio-2025-matricula\/","og_site_name":"Fakia","article_modified_time":"2026-01-25T19:24:35+00:00","og_image":[{"width":2560,"height":1920,"url":"https:\/\/fakia.es\/wp-content\/uploads\/2025\/12\/fakia-tecnicas-mixtas-cursos-web-1-scaled.jpeg","type":"image\/jpeg"}],"schema":{"@context":"https:\/\/schema.org","@graph":[{"@type":"WebPage","@id":"https:\/\/fakia.es\/curso\/curso-de-2-horas-semanales-de-tecnicas-mixtas-de-febrero-a-junio-2025-matricula\/","url":"https:\/\/fakia.es\/curso\/curso-de-2-horas-semanales-de-dibujo-con-tecnicas-mixtas-de-febrero-a-junio-2025-matricula\/","name":"CURSO DE 2 HORAS SEMANALES DE T\u00c9CNICAS MIXTAS","isPartOf":{"@id":"https:\/\/fakia.es\/#website"},"primaryImageOfPage":{"@id":"https:\/\/fakia.es\/curso\/curso-de-2-horas-semanales-de-dibujo-con-tecnicas-mixtas-de-febrero-a-junio-2025-matricula\/#primaryimage"},"image":{"@id":"https:\/\/fakia.es\/curso\/curso-de-2-horas-semanales-de-dibujo-con-tecnicas-mixtas-de-febrero-a-junio-2025-matricula\/#primaryimage"},"thumbnailUrl":"https:\/\/fakia.es\/wp-content\/uploads\/2025\/12\/fakia-tecnicas-mixtas-cursos-web-1-scaled.jpeg","datePublished":"2025-12-12T18:43:01+00:00","dateModified":"2026-01-25T19:24:35+00:00","description":"Explora el arte desde la mezcla de lenguajes: dibujo, pintura, collage, tinta y otros materiales en un proceso creativo continuo.","breadcrumb":{"@id":"https:\/\/fakia.es\/curso\/curso-de-2-horas-semanales-de-dibujo-con-tecnicas-mixtas-de-febrero-a-junio-2025-matricula\/#breadcrumb"},"inLanguage":"ca","potentialAction":[{"@type":"ReadAction","target":["https:\/\/fakia.es\/curso\/curso-de-2-horas-semanales-de-dibujo-con-tecnicas-mixtas-de-febrero-a-junio-2025-matricula\/"]}]},{"@type":"ImageObject","inLanguage":"ca","@id":"https:\/\/fakia.es\/curso\/curso-de-2-horas-semanales-de-dibujo-con-tecnicas-mixtas-de-febrero-a-junio-2025-matricula\/#primaryimage","url":"https:\/\/fakia.es\/wp-content\/uploads\/2025\/12\/fakia-tecnicas-mixtas-cursos-web-1-scaled.jpeg","contentUrl":"https:\/\/fakia.es\/wp-content\/uploads\/2025\/12\/fakia-tecnicas-mixtas-cursos-web-1-scaled.jpeg","width":2560,"height":1920},{"@type":"BreadcrumbList","@id":"https:\/\/fakia.es\/curso\/curso-de-2-horas-semanales-de-dibujo-con-tecnicas-mixtas-de-febrero-a-junio-2025-matricula\/#breadcrumb","itemListElement":[{"@type":"ListItem","position":1,"name":"Portada","item":"https:\/\/fakia.es\/"},{"@type":"ListItem","position":2,"name":"cursos","item":"https:\/\/fakia.es\/shop\/"},{"@type":"ListItem","position":3,"name":"CURSO DE T\u00c9CNICAS MIXTAS &#8211; FEBRERO 2026 (matr\u00edcula)"}]},{"@type":"WebSite","@id":"https:\/\/fakia.es\/#website","url":"https:\/\/fakia.es\/","name":"FAKIA","description":"Escuela de arte en Barcelona, talleres, cursos y monogr\u00e1ficos de artes pl\u00e1sticas.","publisher":{"@id":"https:\/\/fakia.es\/#organization"},"alternateName":"FAKIA ART","potentialAction":[{"@type":"SearchAction","target":{"@type":"EntryPoint","urlTemplate":"https:\/\/fakia.es\/?s={search_term_string}"},"query-input":{"@type":"PropertyValueSpecification","valueRequired":true,"valueName":"search_term_string"}}],"inLanguage":"ca"},{"@type":"Organization","@id":"https:\/\/fakia.es\/#organization","name":"FAKIA","alternateName":"Possible Films S.L.","url":"https:\/\/fakia.es\/","logo":{"@type":"ImageObject","inLanguage":"ca","@id":"https:\/\/fakia.es\/#\/schema\/logo\/image\/","url":"https:\/\/fakia.es\/wp-content\/uploads\/2025\/11\/Logo-Fakia.png","contentUrl":"https:\/\/fakia.es\/wp-content\/uploads\/2025\/11\/Logo-Fakia.png","width":800,"height":600,"caption":"FAKIA"},"image":{"@id":"https:\/\/fakia.es\/#\/schema\/logo\/image\/"}}]}},"_links":{"self":[{"href":"https:\/\/fakia.es\/ca\/wp-json\/wp\/v2\/product\/1486","targetHints":{"allow":["GET"]}}],"collection":[{"href":"https:\/\/fakia.es\/ca\/wp-json\/wp\/v2\/product"}],"about":[{"href":"https:\/\/fakia.es\/ca\/wp-json\/wp\/v2\/types\/product"}],"wp:featuredmedia":[{"embeddable":true,"href":"https:\/\/fakia.es\/ca\/wp-json\/wp\/v2\/media\/1497"}],"wp:attachment":[{"href":"https:\/\/fakia.es\/ca\/wp-json\/wp\/v2\/media?parent=1486"}],"wp:term":[{"taxonomy":"product_brand","embeddable":true,"href":"https:\/\/fakia.es\/ca\/wp-json\/wp\/v2\/product_brand?post=1486"},{"taxonomy":"product_cat","embeddable":true,"href":"https:\/\/fakia.es\/ca\/wp-json\/wp\/v2\/product_cat?post=1486"},{"taxonomy":"product_tag","embeddable":true,"href":"https:\/\/fakia.es\/ca\/wp-json\/wp\/v2\/product_tag?post=1486"},{"taxonomy":"giftcard-category","embeddable":true,"href":"https:\/\/fakia.es\/ca\/wp-json\/wp\/v2\/giftcard-category?post=1486"}],"curies":[{"name":"wp","href":"https:\/\/api.w.org\/{rel}","templated":true}]}}