{"id":1484,"date":"2025-12-12T18:37:07","date_gmt":"2025-12-12T18:37:07","guid":{"rendered":"https:\/\/fakia.es\/?post_type=product&#038;p=1484"},"modified":"2026-01-19T22:05:10","modified_gmt":"2026-01-19T22:05:10","slug":"curso-de-2-horas-semanales-de-dibujo-con-tecnicas-mixtas-de-febrero-a-junio-2025-matricula","status":"publish","type":"product","link":"https:\/\/fakia.es\/ca\/curso\/curso-de-2-horas-semanales-de-dibujo-con-tecnicas-mixtas-de-febrero-a-junio-2025-matricula\/","title":{"rendered":"CURSO DE DIBUJO CON T\u00c9CNICAS MIXTAS &#8211; MARZO 2026 (matr\u00edcula)"},"content":{"rendered":"<h2>CURS DE 2 HORES SETMANALS DE DIBUIX AMB T\u00c8CNIQUES MIXTES<\/h2>\n<p><strong>Dia i horari <\/strong>Dimecres de 10:30 a 12:30<\/p>\n<p><strong>Professora: <\/strong>\u00darsula Uriach<\/p>\n<p>Aquest curs est\u00e0 dissenyat per evolucionar t\u00e8cnica i creativament en el dibuix, punt de partida essencial de les arts pl\u00e0stiques. Comen\u00e7arem treballant amb materials cl\u00e0ssics \u2014llapis, carbonet, grafit\u2014 per construir una base s\u00f2lida en proporci\u00f3, volum, llum i observaci\u00f3. A mesura que avancem, introduirem suports i materials diversos per ampliar registres i afavorir una expressi\u00f3 m\u00e9s oberta.<\/p>\n<p>Realitzarem exercicis naturalistes i d\u2019altres de m\u00e9s gestuals i expressius, incorporant color, textures i pigments per enriquir el proc\u00e9s. L\u2019objectiu \u00e9s combinar t\u00e8cnica i llibertat, entenent el dibuix com un territori ampli i viu en qu\u00e8 cada persona pugui trobar el seu propi cam\u00ed creatiu.<\/p>\n<p><strong>Material no incl\u00f2s. Aquest curs \u00e9s mensual. Durada opcional fins al juny (incl\u00f2s).<\/strong><\/p>","protected":false},"excerpt":{"rendered":"<ul>\n<li><strong>Dia i horari <\/strong>Dimecres de 10:30 a 12:30<\/li>\n<li><strong>Professora: <\/strong>\u00darsula Uriach<\/li>\n<\/ul>\n<p>Desenvolupa el dibuix combinant materials, color i textures per guanyar soltura, base t\u00e8cnica i llibertat creativa. <em>Material no incluido. Este curso es mensual. Duraci\u00f3n opcional hasta junio (incluido). 100\u20ac\/mes + 20\u20ac matr\u00edcula<\/em><\/p>","protected":false},"featured_media":1496,"template":"","meta":{"_joinchat":[]},"product_brand":[],"product_cat":[25],"product_tag":[],"giftcard-category":[],"class_list":{"0":"post-1484","1":"product","2":"type-product","3":"status-publish","4":"has-post-thumbnail","6":"product_cat-cursos-regulares","8":"first","9":"instock","10":"virtual","11":"sold-individually","12":"taxable","13":"purchasable","14":"product-type-simple"},"yoast_head":"<!-- This site is optimized with the Yoast SEO plugin v27.1.1 - https:\/\/yoast.com\/product\/yoast-seo-wordpress\/ -->\n<title>CURSO DE 2H\/SEM DE DIBUJO CON T\u00c9CNICAS MIXTAS<\/title>\n<meta name=\"description\" content=\"Desarrolla el dibujo combinando materiales, color y texturas para ganar soltura, base t\u00e9cnica y libertad creativa. Curso de dibujo en Fakia.\" \/>\n<meta name=\"robots\" content=\"index, follow, max-snippet:-1, max-image-preview:large, max-video-preview:-1\" \/>\n<link rel=\"canonical\" href=\"https:\/\/fakia.es\/ca\/curso\/curso-de-2-horas-semanales-de-dibujo-con-tecnicas-mixtas-de-febrero-a-junio-2025-matricula\/\" \/>\n<meta property=\"og:locale\" content=\"ca_ES\" \/>\n<meta property=\"og:type\" content=\"article\" \/>\n<meta property=\"og:title\" content=\"CURSO DE 2H\/SEM DE DIBUJO CON T\u00c9CNICAS MIXTAS\" \/>\n<meta property=\"og:description\" content=\"Desarrolla el dibujo combinando materiales, color y texturas para ganar soltura, base t\u00e9cnica y libertad creativa. Curso de dibujo en Fakia.\" \/>\n<meta property=\"og:url\" content=\"https:\/\/fakia.es\/ca\/curso\/curso-de-2-horas-semanales-de-dibujo-con-tecnicas-mixtas-de-febrero-a-junio-2025-matricula\/\" \/>\n<meta property=\"og:site_name\" content=\"Fakia\" \/>\n<meta property=\"article:modified_time\" content=\"2026-01-19T22:05:10+00:00\" \/>\n<meta property=\"og:image\" content=\"https:\/\/fakia.es\/wp-content\/uploads\/2025\/12\/fakia-dibujo-tecnicas-mixtas-cursos-web-scaled.jpeg\" \/>\n\t<meta property=\"og:image:width\" content=\"2560\" \/>\n\t<meta property=\"og:image:height\" content=\"1920\" \/>\n\t<meta property=\"og:image:type\" content=\"image\/jpeg\" \/>\n<script type=\"application\/ld+json\" class=\"yoast-schema-graph\">{\"@context\":\"https:\/\/schema.org\",\"@graph\":[{\"@type\":\"WebPage\",\"@id\":\"https:\/\/fakia.es\/curso\/curso-de-2-horas-semanales-de-dibujo-con-tecnicas-mixtas-de-febrero-a-junio-2025-matricula\/\",\"url\":\"https:\/\/fakia.es\/curso\/curso-de-2-horas-semanales-de-dibujo-con-tecnicas-mixtas-de-febrero-a-junio-2025-matricula\/\",\"name\":\"CURSO DE 2H\/SEM DE DIBUJO CON T\u00c9CNICAS MIXTAS\",\"isPartOf\":{\"@id\":\"https:\/\/fakia.es\/#website\"},\"primaryImageOfPage\":{\"@id\":\"https:\/\/fakia.es\/curso\/curso-de-2-horas-semanales-de-dibujo-con-tecnicas-mixtas-de-febrero-a-junio-2025-matricula\/#primaryimage\"},\"image\":{\"@id\":\"https:\/\/fakia.es\/curso\/curso-de-2-horas-semanales-de-dibujo-con-tecnicas-mixtas-de-febrero-a-junio-2025-matricula\/#primaryimage\"},\"thumbnailUrl\":\"https:\/\/fakia.es\/wp-content\/uploads\/2025\/12\/fakia-dibujo-tecnicas-mixtas-cursos-web-scaled.jpeg\",\"datePublished\":\"2025-12-12T18:37:07+00:00\",\"dateModified\":\"2026-01-19T22:05:10+00:00\",\"description\":\"Desarrolla el dibujo combinando materiales, color y texturas para ganar soltura, base t\u00e9cnica y libertad creativa. Curso de dibujo en Fakia.\",\"breadcrumb\":{\"@id\":\"https:\/\/fakia.es\/curso\/curso-de-2-horas-semanales-de-dibujo-con-tecnicas-mixtas-de-febrero-a-junio-2025-matricula\/#breadcrumb\"},\"inLanguage\":\"ca\",\"potentialAction\":[{\"@type\":\"ReadAction\",\"target\":[\"https:\/\/fakia.es\/curso\/curso-de-2-horas-semanales-de-dibujo-con-tecnicas-mixtas-de-febrero-a-junio-2025-matricula\/\"]}]},{\"@type\":\"ImageObject\",\"inLanguage\":\"ca\",\"@id\":\"https:\/\/fakia.es\/curso\/curso-de-2-horas-semanales-de-dibujo-con-tecnicas-mixtas-de-febrero-a-junio-2025-matricula\/#primaryimage\",\"url\":\"https:\/\/fakia.es\/wp-content\/uploads\/2025\/12\/fakia-dibujo-tecnicas-mixtas-cursos-web-scaled.jpeg\",\"contentUrl\":\"https:\/\/fakia.es\/wp-content\/uploads\/2025\/12\/fakia-dibujo-tecnicas-mixtas-cursos-web-scaled.jpeg\",\"width\":2560,\"height\":1920},{\"@type\":\"BreadcrumbList\",\"@id\":\"https:\/\/fakia.es\/curso\/curso-de-2-horas-semanales-de-dibujo-con-tecnicas-mixtas-de-febrero-a-junio-2025-matricula\/#breadcrumb\",\"itemListElement\":[{\"@type\":\"ListItem\",\"position\":1,\"name\":\"Portada\",\"item\":\"https:\/\/fakia.es\/\"},{\"@type\":\"ListItem\",\"position\":2,\"name\":\"cursos\",\"item\":\"https:\/\/fakia.es\/shop\/\"},{\"@type\":\"ListItem\",\"position\":3,\"name\":\"CURSO DE DIBUJO CON T\u00c9CNICAS MIXTAS &#8211; MARZO 2026 (matr\u00edcula)\"}]},{\"@type\":\"WebSite\",\"@id\":\"https:\/\/fakia.es\/#website\",\"url\":\"https:\/\/fakia.es\/\",\"name\":\"FAKIA\",\"description\":\"Escuela de arte en Barcelona, talleres, cursos y monogr\u00e1ficos de artes pl\u00e1sticas.\",\"publisher\":{\"@id\":\"https:\/\/fakia.es\/#organization\"},\"alternateName\":\"FAKIA ART\",\"potentialAction\":[{\"@type\":\"SearchAction\",\"target\":{\"@type\":\"EntryPoint\",\"urlTemplate\":\"https:\/\/fakia.es\/?s={search_term_string}\"},\"query-input\":{\"@type\":\"PropertyValueSpecification\",\"valueRequired\":true,\"valueName\":\"search_term_string\"}}],\"inLanguage\":\"ca\"},{\"@type\":\"Organization\",\"@id\":\"https:\/\/fakia.es\/#organization\",\"name\":\"FAKIA\",\"alternateName\":\"Possible Films S.L.\",\"url\":\"https:\/\/fakia.es\/\",\"logo\":{\"@type\":\"ImageObject\",\"inLanguage\":\"ca\",\"@id\":\"https:\/\/fakia.es\/#\/schema\/logo\/image\/\",\"url\":\"https:\/\/fakia.es\/wp-content\/uploads\/2025\/11\/Logo-Fakia.png\",\"contentUrl\":\"https:\/\/fakia.es\/wp-content\/uploads\/2025\/11\/Logo-Fakia.png\",\"width\":800,\"height\":600,\"caption\":\"FAKIA\"},\"image\":{\"@id\":\"https:\/\/fakia.es\/#\/schema\/logo\/image\/\"}}]}<\/script>\n<!-- \/ Yoast SEO plugin. -->","yoast_head_json":{"title":"CURSO DE 2H\/SEM DE DIBUJO CON T\u00c9CNICAS MIXTAS","description":"Desarrolla el dibujo combinando materiales, color y texturas para ganar soltura, base t\u00e9cnica y libertad creativa. Curso de dibujo en Fakia.","robots":{"index":"index","follow":"follow","max-snippet":"max-snippet:-1","max-image-preview":"max-image-preview:large","max-video-preview":"max-video-preview:-1"},"canonical":"https:\/\/fakia.es\/ca\/curso\/curso-de-2-horas-semanales-de-dibujo-con-tecnicas-mixtas-de-febrero-a-junio-2025-matricula\/","og_locale":"ca_ES","og_type":"article","og_title":"CURSO DE 2H\/SEM DE DIBUJO CON T\u00c9CNICAS MIXTAS","og_description":"Desarrolla el dibujo combinando materiales, color y texturas para ganar soltura, base t\u00e9cnica y libertad creativa. Curso de dibujo en Fakia.","og_url":"https:\/\/fakia.es\/ca\/curso\/curso-de-2-horas-semanales-de-dibujo-con-tecnicas-mixtas-de-febrero-a-junio-2025-matricula\/","og_site_name":"Fakia","article_modified_time":"2026-01-19T22:05:10+00:00","og_image":[{"width":2560,"height":1920,"url":"https:\/\/fakia.es\/wp-content\/uploads\/2025\/12\/fakia-dibujo-tecnicas-mixtas-cursos-web-scaled.jpeg","type":"image\/jpeg"}],"schema":{"@context":"https:\/\/schema.org","@graph":[{"@type":"WebPage","@id":"https:\/\/fakia.es\/curso\/curso-de-2-horas-semanales-de-dibujo-con-tecnicas-mixtas-de-febrero-a-junio-2025-matricula\/","url":"https:\/\/fakia.es\/curso\/curso-de-2-horas-semanales-de-dibujo-con-tecnicas-mixtas-de-febrero-a-junio-2025-matricula\/","name":"CURSO DE 2H\/SEM DE DIBUJO CON T\u00c9CNICAS MIXTAS","isPartOf":{"@id":"https:\/\/fakia.es\/#website"},"primaryImageOfPage":{"@id":"https:\/\/fakia.es\/curso\/curso-de-2-horas-semanales-de-dibujo-con-tecnicas-mixtas-de-febrero-a-junio-2025-matricula\/#primaryimage"},"image":{"@id":"https:\/\/fakia.es\/curso\/curso-de-2-horas-semanales-de-dibujo-con-tecnicas-mixtas-de-febrero-a-junio-2025-matricula\/#primaryimage"},"thumbnailUrl":"https:\/\/fakia.es\/wp-content\/uploads\/2025\/12\/fakia-dibujo-tecnicas-mixtas-cursos-web-scaled.jpeg","datePublished":"2025-12-12T18:37:07+00:00","dateModified":"2026-01-19T22:05:10+00:00","description":"Desarrolla el dibujo combinando materiales, color y texturas para ganar soltura, base t\u00e9cnica y libertad creativa. Curso de dibujo en Fakia.","breadcrumb":{"@id":"https:\/\/fakia.es\/curso\/curso-de-2-horas-semanales-de-dibujo-con-tecnicas-mixtas-de-febrero-a-junio-2025-matricula\/#breadcrumb"},"inLanguage":"ca","potentialAction":[{"@type":"ReadAction","target":["https:\/\/fakia.es\/curso\/curso-de-2-horas-semanales-de-dibujo-con-tecnicas-mixtas-de-febrero-a-junio-2025-matricula\/"]}]},{"@type":"ImageObject","inLanguage":"ca","@id":"https:\/\/fakia.es\/curso\/curso-de-2-horas-semanales-de-dibujo-con-tecnicas-mixtas-de-febrero-a-junio-2025-matricula\/#primaryimage","url":"https:\/\/fakia.es\/wp-content\/uploads\/2025\/12\/fakia-dibujo-tecnicas-mixtas-cursos-web-scaled.jpeg","contentUrl":"https:\/\/fakia.es\/wp-content\/uploads\/2025\/12\/fakia-dibujo-tecnicas-mixtas-cursos-web-scaled.jpeg","width":2560,"height":1920},{"@type":"BreadcrumbList","@id":"https:\/\/fakia.es\/curso\/curso-de-2-horas-semanales-de-dibujo-con-tecnicas-mixtas-de-febrero-a-junio-2025-matricula\/#breadcrumb","itemListElement":[{"@type":"ListItem","position":1,"name":"Portada","item":"https:\/\/fakia.es\/"},{"@type":"ListItem","position":2,"name":"cursos","item":"https:\/\/fakia.es\/shop\/"},{"@type":"ListItem","position":3,"name":"CURSO DE DIBUJO CON T\u00c9CNICAS MIXTAS &#8211; MARZO 2026 (matr\u00edcula)"}]},{"@type":"WebSite","@id":"https:\/\/fakia.es\/#website","url":"https:\/\/fakia.es\/","name":"FAKIA","description":"Escuela de arte en Barcelona, talleres, cursos y monogr\u00e1ficos de artes pl\u00e1sticas.","publisher":{"@id":"https:\/\/fakia.es\/#organization"},"alternateName":"FAKIA ART","potentialAction":[{"@type":"SearchAction","target":{"@type":"EntryPoint","urlTemplate":"https:\/\/fakia.es\/?s={search_term_string}"},"query-input":{"@type":"PropertyValueSpecification","valueRequired":true,"valueName":"search_term_string"}}],"inLanguage":"ca"},{"@type":"Organization","@id":"https:\/\/fakia.es\/#organization","name":"FAKIA","alternateName":"Possible Films S.L.","url":"https:\/\/fakia.es\/","logo":{"@type":"ImageObject","inLanguage":"ca","@id":"https:\/\/fakia.es\/#\/schema\/logo\/image\/","url":"https:\/\/fakia.es\/wp-content\/uploads\/2025\/11\/Logo-Fakia.png","contentUrl":"https:\/\/fakia.es\/wp-content\/uploads\/2025\/11\/Logo-Fakia.png","width":800,"height":600,"caption":"FAKIA"},"image":{"@id":"https:\/\/fakia.es\/#\/schema\/logo\/image\/"}}]}},"_links":{"self":[{"href":"https:\/\/fakia.es\/ca\/wp-json\/wp\/v2\/product\/1484","targetHints":{"allow":["GET"]}}],"collection":[{"href":"https:\/\/fakia.es\/ca\/wp-json\/wp\/v2\/product"}],"about":[{"href":"https:\/\/fakia.es\/ca\/wp-json\/wp\/v2\/types\/product"}],"wp:featuredmedia":[{"embeddable":true,"href":"https:\/\/fakia.es\/ca\/wp-json\/wp\/v2\/media\/1496"}],"wp:attachment":[{"href":"https:\/\/fakia.es\/ca\/wp-json\/wp\/v2\/media?parent=1484"}],"wp:term":[{"taxonomy":"product_brand","embeddable":true,"href":"https:\/\/fakia.es\/ca\/wp-json\/wp\/v2\/product_brand?post=1484"},{"taxonomy":"product_cat","embeddable":true,"href":"https:\/\/fakia.es\/ca\/wp-json\/wp\/v2\/product_cat?post=1484"},{"taxonomy":"product_tag","embeddable":true,"href":"https:\/\/fakia.es\/ca\/wp-json\/wp\/v2\/product_tag?post=1484"},{"taxonomy":"giftcard-category","embeddable":true,"href":"https:\/\/fakia.es\/ca\/wp-json\/wp\/v2\/giftcard-category?post=1484"}],"curies":[{"name":"wp","href":"https:\/\/api.w.org\/{rel}","templated":true}]}}