{"id":102,"date":"2025-12-02T14:19:45","date_gmt":"2025-12-02T14:19:45","guid":{"rendered":"https:\/\/fakia.es\/?page_id=102"},"modified":"2026-02-10T12:38:25","modified_gmt":"2026-02-10T12:38:25","slug":"home","status":"publish","type":"page","link":"https:\/\/fakia.es\/ca\/","title":{"rendered":"Home"},"content":{"rendered":"<div data-elementor-type=\"wp-page\" data-elementor-id=\"102\" class=\"elementor elementor-102\" data-elementor-post-type=\"page\">\n\t\t\t\t<div class=\"elementor-element elementor-element-224051d1 e-flex e-con-boxed e-con e-parent\" data-id=\"224051d1\" data-element_type=\"container\" data-e-type=\"container\">\n\t\t\t\t\t<div class=\"e-con-inner\">\n\t\t<div class=\"elementor-element elementor-element-2541f328 e-con-full e-flex e-con e-child\" data-id=\"2541f328\" data-element_type=\"container\" data-e-type=\"container\" data-settings=\"{&quot;background_background&quot;:&quot;classic&quot;}\">\n\t\t<div class=\"elementor-element elementor-element-4af199fc e-con-full e-flex e-con e-child\" data-id=\"4af199fc\" data-element_type=\"container\" data-e-type=\"container\" data-settings=\"{&quot;background_background&quot;:&quot;classic&quot;}\">\n\t\t\t\t<div class=\"elementor-element elementor-element-230f86ea elementor-widget elementor-widget-heading\" data-id=\"230f86ea\" data-element_type=\"widget\" data-e-type=\"widget\" data-widget_type=\"heading.default\">\n\t\t\t\t\t<h1 class=\"elementor-heading-title elementor-size-default\">taller<br> d\u00b4arts<br> pl\u00e0stiques<br> a Barcelona<\/h1>\t\t\t\t<\/div>\n\t\t\t\t<div class=\"elementor-element elementor-element-5573db1a elementor-widget elementor-widget-image\" data-id=\"5573db1a\" data-element_type=\"widget\" data-e-type=\"widget\" data-widget_type=\"image.default\">\n\t\t\t\t\t\t\t\t\t\t\t\t\t\t\t<img fetchpriority=\"high\" decoding=\"async\" width=\"800\" height=\"600\" src=\"https:\/\/fakia.es\/wp-content\/uploads\/2025\/11\/Logo-Fakia.png\" class=\"attachment-full size-full wp-image-79\" alt=\"\" srcset=\"https:\/\/fakia.es\/wp-content\/uploads\/2025\/11\/Logo-Fakia.png 800w, https:\/\/fakia.es\/wp-content\/uploads\/2025\/11\/Logo-Fakia-600x450.png 600w, https:\/\/fakia.es\/wp-content\/uploads\/2025\/11\/Logo-Fakia-300x225.png 300w, https:\/\/fakia.es\/wp-content\/uploads\/2025\/11\/Logo-Fakia-768x576.png 768w\" sizes=\"(max-width: 800px) 100vw, 800px\" \/>\t\t\t\t\t\t\t\t\t\t\t\t\t\t\t<\/div>\n\t\t\t\t<\/div>\n\t\t<div class=\"elementor-element elementor-element-22f0a4cb e-con-full e-flex e-con e-child\" data-id=\"22f0a4cb\" data-element_type=\"container\" data-e-type=\"container\">\n\t\t\t\t<div class=\"elementor-element elementor-element-249126fb elementor-widget elementor-widget-text-editor\" data-id=\"249126fb\" data-element_type=\"widget\" data-e-type=\"widget\" data-widget_type=\"text-editor.default\">\n\t\t\t\t\t\t\t\t\t<p style=\"text-align: center;\">Fakia \u00e9s un taller d\u2019art a Barcelona que neix com un crit de desconnexi\u00f3: Fuck IA!<br \/>Aqu\u00ed lo importante es disfrutar del proceso, ensuciarse, fluir, sin importar tu nivel.<\/p>\t\t\t\t\t\t\t\t<\/div>\n\t\t\t\t<\/div>\n\t\t\t\t<\/div>\n\t\t\t\t\t<\/div>\n\t\t\t\t<\/div>\n\t\t<div class=\"elementor-element elementor-element-204b243 e-flex e-con-boxed e-con e-parent\" data-id=\"204b243\" data-element_type=\"container\" data-e-type=\"container\">\n\t\t\t\t\t<div class=\"e-con-inner\">\n\t\t\t\t<div class=\"elementor-element elementor-element-6aa0afa elementor-widget elementor-widget-image\" data-id=\"6aa0afa\" data-element_type=\"widget\" data-e-type=\"widget\" data-widget_type=\"image.default\">\n\t\t\t\t\t\t\t\t\t\t\t\t\t\t\t<img decoding=\"async\" width=\"720\" height=\"594\" src=\"https:\/\/fakia.es\/wp-content\/uploads\/2026\/01\/fakia-mensajes-animados-home-05.gif\" class=\"attachment-full size-full wp-image-1599\" alt=\"\" \/>\t\t\t\t\t\t\t\t\t\t\t\t\t\t\t<\/div>\n\t\t\t\t\t<\/div>\n\t\t\t\t<\/div>\n\t\t<div class=\"elementor-element elementor-element-6fd6f2f e-flex e-con-boxed e-con e-parent\" data-id=\"6fd6f2f\" data-element_type=\"container\" data-e-type=\"container\">\n\t\t\t\t\t<div class=\"e-con-inner\">\n\t\t<div class=\"elementor-element elementor-element-edcc1c2 e-con-full e-flex e-con e-child\" data-id=\"edcc1c2\" data-element_type=\"container\" data-e-type=\"container\" data-settings=\"{&quot;background_background&quot;:&quot;classic&quot;}\">\n\t\t\t\t<div class=\"elementor-element elementor-element-a8444d6 elementor-widget__width-initial elementor-widget elementor-widget-heading\" data-id=\"a8444d6\" data-element_type=\"widget\" data-e-type=\"widget\" data-widget_type=\"heading.default\">\n\t\t\t\t\t<p class=\"elementor-heading-title elementor-size-default\"><a href=\"https:\/\/fakia.es\/ca\/shop\/\" rel=\"nofollow\">Regala Fakia! <\/a><\/p>\t\t\t\t<\/div>\n\t\t\t\t<\/div>\n\t\t<div class=\"elementor-element elementor-element-9f81543 e-con-full e-flex e-con e-child\" data-id=\"9f81543\" data-element_type=\"container\" data-e-type=\"container\">\n\t\t\t\t<div class=\"elementor-element elementor-element-cb09b91 elementor-widget elementor-widget-text-editor\" data-id=\"cb09b91\" data-element_type=\"widget\" data-e-type=\"widget\" data-widget_type=\"text-editor.default\">\n\t\t\t\t\t\t\t\t\t<p>Regalar una experi\u00e8ncia val m\u00e9s que afegir un altre objecte a la prestatgeria. A Fakia regales temps per desconnectar i descobrir que s\u00ed, ets creatiu.<br \/>Una invitaci\u00f3 per disfrutar d\u00b4oci de qualitat.<\/p>\t\t\t\t\t\t\t\t<\/div>\n\t\t\t\t<\/div>\n\t\t\t\t\t<\/div>\n\t\t\t\t<\/div>\n\t\t<div class=\"elementor-element elementor-element-46caceb e-con-full e-flex e-con e-parent\" data-id=\"46caceb\" data-element_type=\"container\" data-e-type=\"container\" data-settings=\"{&quot;background_background&quot;:&quot;classic&quot;}\">\n\t\t\t\t<div class=\"elementor-element elementor-element-a2c256f elementor-widget elementor-widget-heading\" data-id=\"a2c256f\" data-element_type=\"widget\" data-e-type=\"widget\" data-widget_type=\"heading.default\">\n\t\t\t\t\t<h2 class=\"elementor-heading-title elementor-size-default\">AQUAREL\u00b7LA<\/h2>\t\t\t\t<\/div>\n\t\t\t\t<div class=\"elementor-element elementor-element-aede832 elementor-widget elementor-widget-heading\" data-id=\"aede832\" data-element_type=\"widget\" data-e-type=\"widget\" data-widget_type=\"heading.default\">\n\t\t\t\t\t<h2 class=\"elementor-heading-title elementor-size-default\">ACR\u00cdLIC<\/h2>\t\t\t\t<\/div>\n\t\t\t\t<div class=\"elementor-element elementor-element-594a6ee elementor-widget elementor-widget-heading\" data-id=\"594a6ee\" data-element_type=\"widget\" data-e-type=\"widget\" data-widget_type=\"heading.default\">\n\t\t\t\t\t<h2 class=\"elementor-heading-title elementor-size-default\">DIBUIX<\/h2>\t\t\t\t<\/div>\n\t\t\t\t<div class=\"elementor-element elementor-element-e02d110 elementor-widget elementor-widget-heading\" data-id=\"e02d110\" data-element_type=\"widget\" data-e-type=\"widget\" data-widget_type=\"heading.default\">\n\t\t\t\t\t<h2 class=\"elementor-heading-title elementor-size-default\">T\u00c8CNIQUES MIXTES<\/h2>\t\t\t\t<\/div>\n\t\t\t\t<div class=\"elementor-element elementor-element-e56b717 elementor-widget elementor-widget-heading\" data-id=\"e56b717\" data-element_type=\"widget\" data-e-type=\"widget\" data-widget_type=\"heading.default\">\n\t\t\t\t\t<h2 class=\"elementor-heading-title elementor-size-default\">COLLAGE<\/h2>\t\t\t\t<\/div>\n\t\t\t\t<div class=\"elementor-element elementor-element-afb60c7 elementor-widget elementor-widget-heading\" data-id=\"afb60c7\" data-element_type=\"widget\" data-e-type=\"widget\" data-widget_type=\"heading.default\">\n\t\t\t\t\t<h2 class=\"elementor-heading-title elementor-size-default\">GRAVAT<\/h2>\t\t\t\t<\/div>\n\t\t\t\t<div class=\"elementor-element elementor-element-6650e79 elementor-widget elementor-widget-heading\" data-id=\"6650e79\" data-element_type=\"widget\" data-e-type=\"widget\" data-widget_type=\"heading.default\">\n\t\t\t\t\t<h2 class=\"elementor-heading-title elementor-size-default\">MODELAT<\/h2>\t\t\t\t<\/div>\n\t\t\t\t<\/div>\n\t\t<div class=\"elementor-element elementor-element-5e6713e e-flex e-con-boxed e-con e-parent\" data-id=\"5e6713e\" data-element_type=\"container\" data-e-type=\"container\">\n\t\t\t\t\t<div class=\"e-con-inner\">\n\t\t\t\t<div class=\"elementor-element elementor-element-6440046 elementor-widget elementor-widget-text-editor\" data-id=\"6440046\" data-element_type=\"widget\" data-e-type=\"widget\" data-widget_type=\"text-editor.default\">\n\t\t\t\t\t\t\t\t\t<p style=\"text-align: center;\">Cada alumne t\u00e9 el seu propi ritme. No cal fer-ho perfecte, es tracta de gaudir del<br \/>proc\u00e9s. No \u00e9s important si tens un talent natural per a les arts, l\u2019important<br \/>\u00e9s que aquest \u00e9s el teu moment per desconnectar i aprende.<\/p>\t\t\t\t\t\t\t\t<\/div>\n\t\t\t\t\t<\/div>\n\t\t\t\t<\/div>\n\t\t<div class=\"elementor-element elementor-element-bd57504 e-flex e-con-boxed e-con e-parent\" data-id=\"bd57504\" data-element_type=\"container\" data-e-type=\"container\">\n\t\t\t\t\t<div class=\"e-con-inner\">\n\t\t<div class=\"elementor-element elementor-element-53ccd29 e-con-full e-flex e-con e-child\" data-id=\"53ccd29\" data-element_type=\"container\" data-e-type=\"container\" data-settings=\"{&quot;background_background&quot;:&quot;classic&quot;}\">\n\t\t\t\t<div class=\"elementor-element elementor-element-b1e8d2b elementor-widget elementor-widget-heading\" data-id=\"b1e8d2b\" data-element_type=\"widget\" data-e-type=\"widget\" data-widget_type=\"heading.default\">\n\t\t\t\t\t<p class=\"elementor-heading-title elementor-size-default\"><a href=\"https:\/\/fakia.es\/ca\/shop\/\" rel=\"nofollow\">Registra't ara &gt;<\/a><\/p>\t\t\t\t<\/div>\n\t\t\t\t<\/div>\n\t\t\t\t\t<\/div>\n\t\t\t\t<\/div>\n\t\t<div class=\"elementor-element elementor-element-a61442d e-flex e-con-boxed e-con e-parent\" data-id=\"a61442d\" data-element_type=\"container\" data-e-type=\"container\">\n\t\t\t\t\t<div class=\"e-con-inner\">\n\t\t\t\t<div class=\"elementor-element elementor-element-96e4ae7 elementor-widget elementor-widget-text-editor\" data-id=\"96e4ae7\" data-element_type=\"widget\" data-e-type=\"widget\" data-widget_type=\"text-editor.default\">\n\t\t\t\t\t\t\t\t\t<p>A partir de 16 a\u00f1os<\/p>\t\t\t\t\t\t\t\t<\/div>\n\t\t\t\t\t<\/div>\n\t\t\t\t<\/div>\n\t\t\t\t<\/div>","protected":false},"excerpt":{"rendered":"<p>taller de artes pl\u00e1sticas en Barcelona Fakia es un taller de arte en Barcelona que nace como un grito de desconexi\u00f3n: Fuck IA!Aqu\u00ed lo importante es disfrutar del proceso, ensuciarse, fluir, sin importar tu nivel. Regala Fakia! Regalar una experiencia vale m\u00e1s que sumar otro objeto a la estanter\u00eda. En Fakia regalas tiempo para desconectar, [&hellip;]<\/p>\n","protected":false},"author":1,"featured_media":1507,"parent":0,"menu_order":0,"comment_status":"closed","ping_status":"closed","template":"elementor_header_footer","meta":{"_joinchat":[],"footnotes":""},"class_list":["post-102","page","type-page","status-publish","has-post-thumbnail","hentry"],"yoast_head":"<!-- This site is optimized with the Yoast SEO plugin v27.1.1 - https:\/\/yoast.com\/product\/yoast-seo-wordpress\/ -->\n<title>Taller de Pintura en Barcelona | Fakia<\/title>\n<meta name=\"description\" content=\"Fakia: taller de pintura en Barcelona (Gr\u00e0cia) para desconectar y crear. Cursos relajados de \u00f3leo, acr\u00edlico, acuarela y m\u00e1s.\" \/>\n<meta name=\"robots\" content=\"index, follow, max-snippet:-1, max-image-preview:large, max-video-preview:-1\" \/>\n<link rel=\"canonical\" href=\"https:\/\/fakia.es\/ca\/\" \/>\n<meta property=\"og:locale\" content=\"ca_ES\" \/>\n<meta property=\"og:type\" content=\"article\" \/>\n<meta property=\"og:title\" content=\"Taller de Pintura en Barcelona | Fakia\" \/>\n<meta property=\"og:description\" content=\"Fakia: taller de pintura en Barcelona (Gr\u00e0cia) para desconectar y crear. Cursos relajados de \u00f3leo, acr\u00edlico, acuarela y m\u00e1s.\" \/>\n<meta property=\"og:url\" content=\"https:\/\/fakia.es\/ca\/\" \/>\n<meta property=\"og:site_name\" content=\"Fakia\" \/>\n<meta property=\"article:modified_time\" content=\"2026-02-10T12:38:25+00:00\" \/>\n<meta property=\"og:image\" content=\"https:\/\/fakia.es\/wp-content\/uploads\/2025\/12\/fakia-fuck-ia-scaled.jpeg\" \/>\n\t<meta property=\"og:image:width\" content=\"1677\" \/>\n\t<meta property=\"og:image:height\" content=\"2560\" \/>\n\t<meta property=\"og:image:type\" content=\"image\/jpeg\" \/>\n<script type=\"application\/ld+json\" class=\"yoast-schema-graph\">{\"@context\":\"https:\/\/schema.org\",\"@graph\":[{\"@type\":\"WebPage\",\"@id\":\"https:\/\/fakia.es\/\",\"url\":\"https:\/\/fakia.es\/\",\"name\":\"Taller de Pintura en Barcelona | Fakia\",\"isPartOf\":{\"@id\":\"https:\/\/fakia.es\/#website\"},\"primaryImageOfPage\":{\"@id\":\"https:\/\/fakia.es\/#primaryimage\"},\"image\":{\"@id\":\"https:\/\/fakia.es\/#primaryimage\"},\"thumbnailUrl\":\"https:\/\/fakia.es\/wp-content\/uploads\/2025\/12\/fakia-fuck-ia-scaled.jpeg\",\"datePublished\":\"2025-12-02T14:19:45+00:00\",\"dateModified\":\"2026-02-10T12:38:25+00:00\",\"description\":\"Fakia: taller de pintura en Barcelona (Gr\u00e0cia) para desconectar y crear. Cursos relajados de \u00f3leo, acr\u00edlico, acuarela y m\u00e1s.\",\"breadcrumb\":{\"@id\":\"https:\/\/fakia.es\/#breadcrumb\"},\"inLanguage\":\"ca\",\"potentialAction\":[{\"@type\":\"ReadAction\",\"target\":[\"https:\/\/fakia.es\/\"]}]},{\"@type\":\"ImageObject\",\"inLanguage\":\"ca\",\"@id\":\"https:\/\/fakia.es\/#primaryimage\",\"url\":\"https:\/\/fakia.es\/wp-content\/uploads\/2025\/12\/fakia-fuck-ia-scaled.jpeg\",\"contentUrl\":\"https:\/\/fakia.es\/wp-content\/uploads\/2025\/12\/fakia-fuck-ia-scaled.jpeg\",\"width\":1677,\"height\":2560},{\"@type\":\"BreadcrumbList\",\"@id\":\"https:\/\/fakia.es\/#breadcrumb\",\"itemListElement\":[{\"@type\":\"ListItem\",\"position\":1,\"name\":\"Portada\",\"item\":\"https:\/\/fakia.es\/\"},{\"@type\":\"ListItem\",\"position\":2,\"name\":\"Home\"}]},{\"@type\":\"WebSite\",\"@id\":\"https:\/\/fakia.es\/#website\",\"url\":\"https:\/\/fakia.es\/\",\"name\":\"FAKIA\",\"description\":\"Escuela de arte en Barcelona, talleres, cursos y monogr\u00e1ficos de artes pl\u00e1sticas.\",\"publisher\":{\"@id\":\"https:\/\/fakia.es\/#organization\"},\"alternateName\":\"FAKIA ART\",\"potentialAction\":[{\"@type\":\"SearchAction\",\"target\":{\"@type\":\"EntryPoint\",\"urlTemplate\":\"https:\/\/fakia.es\/?s={search_term_string}\"},\"query-input\":{\"@type\":\"PropertyValueSpecification\",\"valueRequired\":true,\"valueName\":\"search_term_string\"}}],\"inLanguage\":\"ca\"},{\"@type\":\"Organization\",\"@id\":\"https:\/\/fakia.es\/#organization\",\"name\":\"FAKIA\",\"alternateName\":\"Possible Films S.L.\",\"url\":\"https:\/\/fakia.es\/\",\"logo\":{\"@type\":\"ImageObject\",\"inLanguage\":\"ca\",\"@id\":\"https:\/\/fakia.es\/#\/schema\/logo\/image\/\",\"url\":\"https:\/\/fakia.es\/wp-content\/uploads\/2025\/11\/Logo-Fakia.png\",\"contentUrl\":\"https:\/\/fakia.es\/wp-content\/uploads\/2025\/11\/Logo-Fakia.png\",\"width\":800,\"height\":600,\"caption\":\"FAKIA\"},\"image\":{\"@id\":\"https:\/\/fakia.es\/#\/schema\/logo\/image\/\"}}]}<\/script>\n<!-- \/ Yoast SEO plugin. -->","yoast_head_json":{"title":"Taller de Pintura en Barcelona | Fakia","description":"Fakia: taller de pintura en Barcelona (Gr\u00e0cia) para desconectar y crear. Cursos relajados de \u00f3leo, acr\u00edlico, acuarela y m\u00e1s.","robots":{"index":"index","follow":"follow","max-snippet":"max-snippet:-1","max-image-preview":"max-image-preview:large","max-video-preview":"max-video-preview:-1"},"canonical":"https:\/\/fakia.es\/ca\/","og_locale":"ca_ES","og_type":"article","og_title":"Taller de Pintura en Barcelona | Fakia","og_description":"Fakia: taller de pintura en Barcelona (Gr\u00e0cia) para desconectar y crear. Cursos relajados de \u00f3leo, acr\u00edlico, acuarela y m\u00e1s.","og_url":"https:\/\/fakia.es\/ca\/","og_site_name":"Fakia","article_modified_time":"2026-02-10T12:38:25+00:00","og_image":[{"width":1677,"height":2560,"url":"https:\/\/fakia.es\/wp-content\/uploads\/2025\/12\/fakia-fuck-ia-scaled.jpeg","type":"image\/jpeg"}],"schema":{"@context":"https:\/\/schema.org","@graph":[{"@type":"WebPage","@id":"https:\/\/fakia.es\/","url":"https:\/\/fakia.es\/","name":"Taller de Pintura en Barcelona | Fakia","isPartOf":{"@id":"https:\/\/fakia.es\/#website"},"primaryImageOfPage":{"@id":"https:\/\/fakia.es\/#primaryimage"},"image":{"@id":"https:\/\/fakia.es\/#primaryimage"},"thumbnailUrl":"https:\/\/fakia.es\/wp-content\/uploads\/2025\/12\/fakia-fuck-ia-scaled.jpeg","datePublished":"2025-12-02T14:19:45+00:00","dateModified":"2026-02-10T12:38:25+00:00","description":"Fakia: taller de pintura en Barcelona (Gr\u00e0cia) para desconectar y crear. Cursos relajados de \u00f3leo, acr\u00edlico, acuarela y m\u00e1s.","breadcrumb":{"@id":"https:\/\/fakia.es\/#breadcrumb"},"inLanguage":"ca","potentialAction":[{"@type":"ReadAction","target":["https:\/\/fakia.es\/"]}]},{"@type":"ImageObject","inLanguage":"ca","@id":"https:\/\/fakia.es\/#primaryimage","url":"https:\/\/fakia.es\/wp-content\/uploads\/2025\/12\/fakia-fuck-ia-scaled.jpeg","contentUrl":"https:\/\/fakia.es\/wp-content\/uploads\/2025\/12\/fakia-fuck-ia-scaled.jpeg","width":1677,"height":2560},{"@type":"BreadcrumbList","@id":"https:\/\/fakia.es\/#breadcrumb","itemListElement":[{"@type":"ListItem","position":1,"name":"Portada","item":"https:\/\/fakia.es\/"},{"@type":"ListItem","position":2,"name":"Home"}]},{"@type":"WebSite","@id":"https:\/\/fakia.es\/#website","url":"https:\/\/fakia.es\/","name":"FAKIA","description":"Escuela de arte en Barcelona, talleres, cursos y monogr\u00e1ficos de artes pl\u00e1sticas.","publisher":{"@id":"https:\/\/fakia.es\/#organization"},"alternateName":"FAKIA ART","potentialAction":[{"@type":"SearchAction","target":{"@type":"EntryPoint","urlTemplate":"https:\/\/fakia.es\/?s={search_term_string}"},"query-input":{"@type":"PropertyValueSpecification","valueRequired":true,"valueName":"search_term_string"}}],"inLanguage":"ca"},{"@type":"Organization","@id":"https:\/\/fakia.es\/#organization","name":"FAKIA","alternateName":"Possible Films S.L.","url":"https:\/\/fakia.es\/","logo":{"@type":"ImageObject","inLanguage":"ca","@id":"https:\/\/fakia.es\/#\/schema\/logo\/image\/","url":"https:\/\/fakia.es\/wp-content\/uploads\/2025\/11\/Logo-Fakia.png","contentUrl":"https:\/\/fakia.es\/wp-content\/uploads\/2025\/11\/Logo-Fakia.png","width":800,"height":600,"caption":"FAKIA"},"image":{"@id":"https:\/\/fakia.es\/#\/schema\/logo\/image\/"}}]}},"_links":{"self":[{"href":"https:\/\/fakia.es\/ca\/wp-json\/wp\/v2\/pages\/102","targetHints":{"allow":["GET"]}}],"collection":[{"href":"https:\/\/fakia.es\/ca\/wp-json\/wp\/v2\/pages"}],"about":[{"href":"https:\/\/fakia.es\/ca\/wp-json\/wp\/v2\/types\/page"}],"author":[{"embeddable":true,"href":"https:\/\/fakia.es\/ca\/wp-json\/wp\/v2\/users\/1"}],"replies":[{"embeddable":true,"href":"https:\/\/fakia.es\/ca\/wp-json\/wp\/v2\/comments?post=102"}],"version-history":[{"count":25,"href":"https:\/\/fakia.es\/ca\/wp-json\/wp\/v2\/pages\/102\/revisions"}],"predecessor-version":[{"id":1683,"href":"https:\/\/fakia.es\/ca\/wp-json\/wp\/v2\/pages\/102\/revisions\/1683"}],"wp:featuredmedia":[{"embeddable":true,"href":"https:\/\/fakia.es\/ca\/wp-json\/wp\/v2\/media\/1507"}],"wp:attachment":[{"href":"https:\/\/fakia.es\/ca\/wp-json\/wp\/v2\/media?parent=102"}],"curies":[{"name":"wp","href":"https:\/\/api.w.org\/{rel}","templated":true}]}}